{"id":18221,"date":"2025-12-03T16:19:48","date_gmt":"2025-12-03T16:19:48","guid":{"rendered":"https:\/\/www.legrandlarge.com\/activites-enfants-normandie\/"},"modified":"2026-01-13T08:10:56","modified_gmt":"2026-01-13T08:10:56","slug":"activites-enfants-normandie","status":"publish","type":"page","link":"https:\/\/www.legrandlarge.com\/nl\/activites-enfants-normandie\/","title":{"rendered":"Normandi\u00eb met je kinderen"},"content":{"rendered":"\n<div class=\"wp-block-cover alignfull hero-content\" style=\"min-height:90vh;aspect-ratio:unset;\"><img alt=\"\" decoding=\"async\" width=\"1024\" height=\"683\" class=\"wp-block-cover__image-background wp-image-660 size-large\" alt=\"\" src=\"https:\/\/www.legrandlarge.com\/wp-content\/uploads\/2025\/12\/GRAND-LARGE-2025-ESE-53-1024x683.webp\" data-object-fit=\"cover\" srcset=\"https:\/\/www.legrandlarge.com\/wp-content\/uploads\/2025\/12\/GRAND-LARGE-2025-ESE-53-1024x683.webp 1024w, https:\/\/www.legrandlarge.com\/wp-content\/uploads\/2025\/12\/GRAND-LARGE-2025-ESE-53-300x200.webp 300w, https:\/\/www.legrandlarge.com\/wp-content\/uploads\/2025\/12\/GRAND-LARGE-2025-ESE-53-768x512.webp 768w, https:\/\/www.legrandlarge.com\/wp-content\/uploads\/2025\/12\/GRAND-LARGE-2025-ESE-53-1440x960.webp 1440w, https:\/\/www.legrandlarge.com\/wp-content\/uploads\/2025\/12\/GRAND-LARGE-2025-ESE-53-1080x720.webp 1080w, https:\/\/www.legrandlarge.com\/wp-content\/uploads\/2025\/12\/GRAND-LARGE-2025-ESE-53-720x480.webp 720w, https:\/\/www.legrandlarge.com\/wp-content\/uploads\/2025\/12\/GRAND-LARGE-2025-ESE-53-480x320.webp 480w, https:\/\/www.legrandlarge.com\/wp-content\/uploads\/2025\/12\/GRAND-LARGE-2025-ESE-53-240x160.webp 240w, https:\/\/www.legrandlarge.com\/wp-content\/uploads\/2025\/12\/GRAND-LARGE-2025-ESE-53-120x80.webp 120w, https:\/\/www.legrandlarge.com\/wp-content\/uploads\/2025\/12\/GRAND-LARGE-2025-ESE-53.webp 1920w\" sizes=\"(max-width: 1024px) 100vw, 1024px\" \/><span aria-hidden=\"true\" class=\"wp-block-cover__background has-background-dim wp-block-cover__gradient-background has-background-gradient\" style=\"background:linear-gradient(135deg,rgba(0,0,0,0) 0%,rgb(0,0,0) 100%)\"><\/span><div class=\"wp-block-cover__inner-container has-global-padding is-layout-constrained wp-container-core-cover-is-layout-071fe3a8 wp-block-cover-is-layout-constrained\">\n<div class=\"wp-block-group is-z1 is-vertical is-content-justification-center is-layout-flex wp-container-core-group-is-layout-7b32d8e7 wp-block-group-is-layout-flex\"><h1 class=\"wp-block-post-title has-xl-font-size has-secondary-font-family\">Normandi\u00eb met je kinderen<\/h1><\/div>\n<\/div><\/div>\n\n<div class=\"wp-block-group alignfull is-style-bg-texture has-global-padding is-content-justification-left is-layout-constrained wp-container-core-group-is-layout-7ac10ba0 wp-block-group-is-layout-constrained\" style=\"padding-right:var(--wp--preset--spacing--s);padding-left:var(--wp--preset--spacing--s)\"><div style=\"padding-top:var(--wp--preset--spacing--xxs);padding-bottom:var(--wp--preset--spacing--xxs);\" class=\"wp-elements-b53f42f057c06f74b28afc57fcce3d1c wp-block-wpseopress-breadcrumbs has-xxs-font-size has-primary-font-family\"><nav  aria-label=\"breadcrumb\"><ol class=\"breadcrumb\" itemscope itemtype=\"https:\/\/schema.org\/BreadcrumbList\"><li class=\"breadcrumb-item active\" aria-current=\"page\" itemprop=\"itemListElement\" itemscope itemtype=\"https:\/\/schema.org\/ListItem\"><span itemprop=\"name\">Home<\/span><meta itemprop=\"position\" content=\"1\"><\/li><\/ol><\/nav><\/div><\/div>\n\n<div class=\"wp-block-group alignfull is-style-bg-w-boat has-global-padding is-layout-constrained wp-container-core-group-is-layout-72208401 wp-block-group-is-layout-constrained\" style=\"padding-top:var(--wp--preset--spacing--c-huge);padding-right:2rem;padding-bottom:var(--wp--preset--spacing--c-norm);padding-left:2rem\">\n<div class=\"wp-block-group is-layout-flow wp-block-group-is-layout-flow\">\n<div class=\"wp-block-group is-vertical is-layout-flex wp-container-core-group-is-layout-602ba0fb wp-block-group-is-layout-flex\">\n<h2 class=\"wp-block-heading is-style-hrz-title--main has-secondary-color has-text-color has-link-color wp-elements-86f533d06c574107a4f2aaabf6aa687b\">De 5 seizoenen boerderij (10 min)<\/h2>\n\n\n\n<p class=\"is-style-hrz-p--base\">In juli en augustus vertelt Fran\u00e7ois over de geschiedenis van het brood&#8230; Daarna kunnen jong en oud hun eigen brood bakken. Tijdens het bakken volgt u de gids voor een levendige rondleiding door de boerderij, waarbij u de pers, de melkstal en vooral &#8220;de dieren&#8221; ontdekt. De rondleiding eindigt met een snack gemaakt van de verschillende producten van de boerderij&#8230;  <\/p>\n\n\n\n<p class=\"is-style-hrz-p--base\">Je vertrekt met brood gemaakt in Normandi\u00eb!<\/p>\n\n\n\n<p class=\"is-style-hrz-p--base\"><strong>Voor meer informatie: <a href=\"http:\/\/www.lafermeaux5saisons.com\/\" target=\"_blank\" rel=\"noreferrer noopener nofollow\"><em>website<\/em><\/a><\/strong><\/p>\n<\/div>\n<\/div>\n\n\n\n<div class=\"wp-block-group is-layout-flow wp-block-group-is-layout-flow\">\n<div class=\"wp-block-group is-vertical is-layout-flex wp-container-core-group-is-layout-602ba0fb wp-block-group-is-layout-flex\">\n<h2 class=\"wp-block-heading is-style-hrz-title--main has-secondary-color has-text-color has-link-color wp-elements-24575c811ac5f16ad7b88a912fb0a0ac\">Saint Martin park: (40 min)<\/h2>\n\n\n\n<p class=\"is-style-hrz-p--base\">In het hart van de Normandische bocage, genesteld in een uitzonderlijke bosrijke omgeving van 15 hectare, ligt een oase van rust voor zo&#8217;n veertig diersoorten uit alle 5 de continenten. Je zult versteld staan van de vijvervallei, geamuseerd zijn door de bavianen, lemuren en makaken, en ontroerd zijn door de vele baby&#8217;s die het park in de zomer bevolken. <\/p>\n\n\n\n<p class=\"is-style-hrz-p--base\"><strong>Voor meer informatie:<\/strong><a href=\"http:\/\/www.zoomontaigu.fr\/\" target=\"_blank\" rel=\"noreferrer noopener nofollow\"><em><strong> website<\/strong><\/em><\/a><\/p>\n<\/div>\n<\/div>\n<\/div>\n\n<div class=\"wp-block-group alignfull swiper lgl-slider-full is-layout-flow wp-block-group-is-layout-flow\">\n<div class=\"wp-block-group swiper-wrapper is-content-justification-center is-nowrap is-layout-flex wp-container-core-group-is-layout-bfbbbc10 wp-block-group-is-layout-flex\">\n<div class=\"wp-block-group swiper-slide is-vertical is-content-justification-center is-layout-flex wp-container-core-group-is-layout-8052ff66 wp-block-group-is-layout-flex\" style=\"margin-top:0;margin-bottom:0;padding-top:0;padding-right:0;padding-bottom:0;padding-left:0\">\n<figure class=\"wp-block-image size-full\"><img alt=\"\" decoding=\"async\" width=\"1920\" height=\"1280\" src=\"https:\/\/www.legrandlarge.com\/wp-content\/uploads\/2025\/12\/montaigu-la-brisette.webp\" alt=\"\" class=\"wp-image-1243\" style=\"aspect-ratio:1;object-fit:cover\" srcset=\"https:\/\/www.legrandlarge.com\/wp-content\/uploads\/2025\/12\/montaigu-la-brisette.webp 1920w, https:\/\/www.legrandlarge.com\/wp-content\/uploads\/2025\/12\/montaigu-la-brisette-300x200.webp 300w, https:\/\/www.legrandlarge.com\/wp-content\/uploads\/2025\/12\/montaigu-la-brisette-1024x683.webp 1024w, https:\/\/www.legrandlarge.com\/wp-content\/uploads\/2025\/12\/montaigu-la-brisette-768x512.webp 768w, https:\/\/www.legrandlarge.com\/wp-content\/uploads\/2025\/12\/montaigu-la-brisette-1440x960.webp 1440w, https:\/\/www.legrandlarge.com\/wp-content\/uploads\/2025\/12\/montaigu-la-brisette-1080x720.webp 1080w, https:\/\/www.legrandlarge.com\/wp-content\/uploads\/2025\/12\/montaigu-la-brisette-720x480.webp 720w, https:\/\/www.legrandlarge.com\/wp-content\/uploads\/2025\/12\/montaigu-la-brisette-480x320.webp 480w, https:\/\/www.legrandlarge.com\/wp-content\/uploads\/2025\/12\/montaigu-la-brisette-240x160.webp 240w, https:\/\/www.legrandlarge.com\/wp-content\/uploads\/2025\/12\/montaigu-la-brisette-120x80.webp 120w\" sizes=\"(max-width: 1920px) 100vw, 1920px\" \/><\/figure>\n<\/div>\n\n\n\n<div class=\"wp-block-group swiper-slide is-vertical is-content-justification-center is-layout-flex wp-container-core-group-is-layout-8052ff66 wp-block-group-is-layout-flex\" style=\"margin-top:0;margin-bottom:0;padding-top:0;padding-right:0;padding-bottom:0;padding-left:0\">\n<figure class=\"wp-block-image size-full\"><img alt=\"\" decoding=\"async\" width=\"1920\" height=\"1279\" src=\"https:\/\/www.legrandlarge.com\/wp-content\/uploads\/2025\/12\/fermeaux5saisons.webp\" alt=\"\" class=\"wp-image-1235\" style=\"aspect-ratio:1;object-fit:cover\" srcset=\"https:\/\/www.legrandlarge.com\/wp-content\/uploads\/2025\/12\/fermeaux5saisons.webp 1920w, https:\/\/www.legrandlarge.com\/wp-content\/uploads\/2025\/12\/fermeaux5saisons-300x200.webp 300w, https:\/\/www.legrandlarge.com\/wp-content\/uploads\/2025\/12\/fermeaux5saisons-1024x682.webp 1024w, https:\/\/www.legrandlarge.com\/wp-content\/uploads\/2025\/12\/fermeaux5saisons-768x512.webp 768w, https:\/\/www.legrandlarge.com\/wp-content\/uploads\/2025\/12\/fermeaux5saisons-1440x960.webp 1440w, https:\/\/www.legrandlarge.com\/wp-content\/uploads\/2025\/12\/fermeaux5saisons-1080x720.webp 1080w, https:\/\/www.legrandlarge.com\/wp-content\/uploads\/2025\/12\/fermeaux5saisons-720x480.webp 720w, https:\/\/www.legrandlarge.com\/wp-content\/uploads\/2025\/12\/fermeaux5saisons-480x320.webp 480w, https:\/\/www.legrandlarge.com\/wp-content\/uploads\/2025\/12\/fermeaux5saisons-240x160.webp 240w, https:\/\/www.legrandlarge.com\/wp-content\/uploads\/2025\/12\/fermeaux5saisons-120x80.webp 120w\" sizes=\"(max-width: 1920px) 100vw, 1920px\" \/><\/figure>\n<\/div>\n\n\n\n<div class=\"wp-block-group swiper-slide is-vertical is-content-justification-center is-layout-flex wp-container-core-group-is-layout-8052ff66 wp-block-group-is-layout-flex\" style=\"margin-top:0;margin-bottom:0;padding-top:0;padding-right:0;padding-bottom:0;padding-left:0\">\n<figure class=\"wp-block-image size-full\"><img alt=\"\" decoding=\"async\" width=\"1920\" height=\"1300\" src=\"https:\/\/www.legrandlarge.com\/wp-content\/uploads\/2025\/12\/cite_de_la_mer.webp\" alt=\"\" class=\"wp-image-1234\" style=\"aspect-ratio:1;object-fit:cover\" srcset=\"https:\/\/www.legrandlarge.com\/wp-content\/uploads\/2025\/12\/cite_de_la_mer.webp 1920w, https:\/\/www.legrandlarge.com\/wp-content\/uploads\/2025\/12\/cite_de_la_mer-300x203.webp 300w, https:\/\/www.legrandlarge.com\/wp-content\/uploads\/2025\/12\/cite_de_la_mer-1024x693.webp 1024w, https:\/\/www.legrandlarge.com\/wp-content\/uploads\/2025\/12\/cite_de_la_mer-768x520.webp 768w, https:\/\/www.legrandlarge.com\/wp-content\/uploads\/2025\/12\/cite_de_la_mer-120x80.webp 120w\" sizes=\"(max-width: 1920px) 100vw, 1920px\" \/><\/figure>\n<\/div>\n<\/div>\n<\/div>\n\n<div class=\"wp-block-group alignfull lgl-prefooter has-vert-background-color has-background has-global-padding is-layout-constrained wp-container-core-group-is-layout-827caa84 wp-block-group-is-layout-constrained\" style=\"padding-top:5.31rem;padding-bottom:5.31rem\">\n<div class=\"wp-block-group lgl-prefooter-wrapper is-content-justification-center is-nowrap is-layout-flex wp-container-core-group-is-layout-7bd8e6d9 wp-block-group-is-layout-flex\" style=\"padding-right:2rem;padding-left:2rem\">\n<div class=\"wp-block-group item is-vertical is-content-justification-center is-layout-flex wp-container-core-group-is-layout-b6c1f246 wp-block-group-is-layout-flex\">\n<figure class=\"wp-block-image size-full is-resized wp-duotone-white\"><img alt=\"\" decoding=\"async\" src=\"https:\/\/www.legrandlarge.com\/wp-content\/uploads\/2025\/12\/docutiles.svg\" alt=\"\" class=\"wp-image-500\" style=\"width:auto;height:90px\"\/><\/figure>\n\n\n\n<p class=\"has-text-align-center is-style-default has-blanc-color has-text-color has-link-color has-secondary-font-family has-m-font-size wp-elements-011d8f3794376578ac95f8e69fb367a5\">Alles bij de hand<br\/><em>Bevrijd<\/em> je<em>geest<\/em><\/p>\n\n\n\n<p class=\"has-text-align-center has-vert-f-color has-text-color has-link-color wp-elements-0c4546ea4c0654ae768d538fa75bf126\" style=\"text-transform:uppercase\"><strong>Alle documenten<\/strong><\/p>\n\n\n\n<div style=\"height:0px\" aria-hidden=\"true\" class=\"wp-block-spacer is-spacer wp-container-content-6b166158\"><\/div>\n\n\n\n<div class=\"wp-block-buttons is-layout-flex wp-block-buttons-is-layout-flex\">\n<div class=\"wp-block-button is-style-hrz-btn--primary is-darker\"><a class=\"wp-block-button__link has-vert-f-color has-text-color has-link-color has-text-align-center wp-element-button\" href=\"https:\/\/www.legrandlarge.com\/nl\/vacances-camping-normandie\/\" style=\"text-transform:uppercase\">Nuttige documenten<\/a><\/div>\n<\/div>\n<\/div>\n\n\n\n<div class=\"wp-block-group item is-vertical is-content-justification-center is-layout-flex wp-container-core-group-is-layout-b6c1f246 wp-block-group-is-layout-flex\">\n<figure class=\"wp-block-image size-full is-resized wp-duotone-white\"><img alt=\"\" decoding=\"async\" src=\"https:\/\/www.legrandlarge.com\/wp-content\/uploads\/2025\/12\/avis.svg\" alt=\"\" class=\"wp-image-496\" style=\"width:auto;height:90px\"\/><\/figure>\n\n\n\n<p class=\"has-text-align-center is-style-default has-blanc-color has-text-color has-link-color has-secondary-font-family has-m-font-size wp-elements-7f7a7952442190f1fade71c94558bc58\">Hun woorden,<br\/>onze <em>zeenevel<\/em><\/p>\n\n\n\n<p class=\"has-text-align-center has-vert-f-color has-text-color has-link-color wp-elements-9b985fecf26b21a995234477f1321e02\" style=\"text-transform:uppercase\"><strong>Hun meningen<\/strong><\/p>\n\n\n\n<div style=\"height:0px\" aria-hidden=\"true\" class=\"wp-block-spacer is-spacer wp-container-content-6b166158\"><\/div>\n\n\n\n<div class=\"wp-block-buttons is-layout-flex wp-block-buttons-is-layout-flex\">\n<div class=\"wp-block-button is-style-hrz-btn--primary is-darker\"><a class=\"wp-block-button__link has-vert-f-color has-text-color has-link-color has-text-align-center wp-element-button\" href=\"https:\/\/www.legrandlarge.com\/nl\/avis-camping-normandie\/\" style=\"text-transform:uppercase\">Beoordelingen van klanten<\/a><\/div>\n<\/div>\n<\/div>\n\n\n\n<div class=\"wp-block-group item is-vertical is-content-justification-center is-layout-flex wp-container-core-group-is-layout-b6c1f246 wp-block-group-is-layout-flex\">\n<figure class=\"wp-block-image size-full is-resized wp-duotone-white\"><img alt=\"\" decoding=\"async\" src=\"https:\/\/www.legrandlarge.com\/wp-content\/uploads\/2025\/12\/blog.svg\" alt=\"\" class=\"wp-image-498\" style=\"width:auto;height:90px\"\/><\/figure>\n\n\n\n<p class=\"has-text-align-center is-style-default has-blanc-color has-text-color has-link-color has-secondary-font-family has-m-font-size wp-elements-8d742243a2a52629f52224c405d9d1da\">Al <em>onze<\/em><br\/><em>kronieken<\/em><\/p>\n\n\n\n<p class=\"has-text-align-center has-vert-f-color has-text-color has-link-color wp-elements-fd81c0b062e9991a06d1e6a5cea331ec\" style=\"text-transform:uppercase\"><strong>Onze blog<\/strong><\/p>\n\n\n\n<div style=\"height:0px\" aria-hidden=\"true\" class=\"wp-block-spacer is-spacer wp-container-content-6b166158\"><\/div>\n\n\n\n<div class=\"wp-block-buttons is-layout-flex wp-block-buttons-is-layout-flex\">\n<div class=\"wp-block-button is-style-hrz-btn--primary is-darker\"><a class=\"wp-block-button__link has-vert-f-color has-text-color has-link-color has-text-align-center wp-element-button\" href=\"https:\/\/www.legrandlarge.com\/nl\/blog-camping-normandie\/\" style=\"text-transform:uppercase\">Blog<\/a><\/div>\n<\/div>\n<\/div>\n\n\n\n<div class=\"wp-block-group item is-vertical is-content-justification-center is-layout-flex wp-container-core-group-is-layout-b6c1f246 wp-block-group-is-layout-flex\">\n<figure class=\"wp-block-image size-full is-resized wp-duotone-white\"><img alt=\"\" decoding=\"async\" src=\"https:\/\/www.legrandlarge.com\/wp-content\/uploads\/2025\/12\/phare.svg\" alt=\"\" class=\"wp-image-504\" style=\"width:auto;height:90px\"\/><\/figure>\n\n\n\n<p class=\"has-text-align-center is-style-default has-blanc-color has-text-color has-link-color has-secondary-font-family has-m-font-size wp-elements-178e35f0135f37d3e9ae1ca470a2fa0e\">Jodiumritme<br\/><em>gegarandeerd<\/em><\/p>\n\n\n\n<p class=\"has-text-align-center has-vert-f-color has-text-color has-link-color wp-elements-77bbcc28fc268580fb00644163ad445b\" style=\"text-transform:uppercase\"><strong>Ritme van de oceaan<\/strong><\/p>\n\n\n\n<div style=\"height:0px\" aria-hidden=\"true\" class=\"wp-block-spacer is-spacer wp-container-content-6b166158\"><\/div>\n\n\n\n<div class=\"wp-block-buttons is-layout-flex wp-block-buttons-is-layout-flex\">\n<div class=\"wp-block-button is-style-hrz-btn--primary is-darker\"><a class=\"wp-block-button__link has-vert-f-color has-text-color has-link-color has-text-align-center wp-element-button\" style=\"text-transform:uppercase\">Getijden<\/a><\/div>\n<\/div>\n<\/div>\n\n\n\n<div class=\"wp-block-group item is-vertical is-content-justification-center is-layout-flex wp-container-core-group-is-layout-b6c1f246 wp-block-group-is-layout-flex\">\n<figure class=\"wp-block-image size-full is-resized wp-duotone-white\"><img alt=\"\" decoding=\"async\" src=\"https:\/\/www.legrandlarge.com\/wp-content\/uploads\/2025\/12\/acces.svg\" alt=\"\" class=\"wp-image-495\" style=\"width:auto;height:90px\"\/><\/figure>\n\n\n\n<p class=\"has-text-align-center is-style-default has-blanc-color has-text-color has-link-color has-secondary-font-family has-m-font-size wp-elements-5970140a9d798096d1f82e5c3f41878b\">Ga naar<br\/><em>Le Grand Large<\/em><\/p>\n\n\n\n<p class=\"has-text-align-center has-vert-f-color has-text-color has-link-color wp-elements-607469dcb32cd63a5cac93a109c93935\" style=\"text-transform:uppercase\"><strong>Neem contact met ons op<\/strong><\/p>\n\n\n\n<div style=\"height:0px\" aria-hidden=\"true\" class=\"wp-block-spacer is-spacer wp-container-content-6b166158\"><\/div>\n\n\n\n<div class=\"wp-block-buttons is-layout-flex wp-block-buttons-is-layout-flex\">\n<div class=\"wp-block-button is-style-hrz-btn--primary is-darker\"><a class=\"wp-block-button__link has-vert-f-color has-text-color has-link-color has-text-align-center wp-element-button\" href=\"https:\/\/www.legrandlarge.com\/nl\/contact-camping-manche\/\" style=\"text-transform:uppercase\">Contact &amp; toegang<\/a><\/div>\n<\/div>\n<\/div>\n<\/div>\n<\/div>\n","protected":false},"excerpt":{"rendered":"<p>De 5 seizoenen boerderij (10 min) In juli en augustus vertelt Fran\u00e7ois over de geschiedenis van het brood&#8230; Daarna kunnen jong en oud hun eigen brood bakken. Tijdens het bakken volgt u de gids voor een levendige rondleiding door de boerderij, waarbij u de pers, de melkstal en vooral &#8220;de dieren&#8221; ontdekt. De rondleiding eindigt [&hellip;]<\/p>\n","protected":false},"author":1,"featured_media":0,"parent":0,"menu_order":0,"comment_status":"closed","ping_status":"closed","template":"page-no-title","meta":{"_acf_changed":false,"_seopress_robots_primary_cat":"","_seopress_titles_title":"Normandi\u00eb met uw kinderen | Gezinsuitstapjes en vrijetijdsidee\u00ebn","_seopress_titles_desc":"Wat kun je doen met je gezin? Ontdek activiteiten voor kinderen in Normandi\u00eb, met natuur, ontdekking en plezier op Camping Le Grand Large. ","_seopress_robots_index":"","footnotes":""},"class_list":["post-18221","page","type-page","status-publish","hentry"],"acf":[],"_links":{"self":[{"href":"https:\/\/www.legrandlarge.com\/nl\/wp-json\/wp\/v2\/pages\/18221","targetHints":{"allow":["GET"]}}],"collection":[{"href":"https:\/\/www.legrandlarge.com\/nl\/wp-json\/wp\/v2\/pages"}],"about":[{"href":"https:\/\/www.legrandlarge.com\/nl\/wp-json\/wp\/v2\/types\/page"}],"author":[{"embeddable":true,"href":"https:\/\/www.legrandlarge.com\/nl\/wp-json\/wp\/v2\/users\/1"}],"replies":[{"embeddable":true,"href":"https:\/\/www.legrandlarge.com\/nl\/wp-json\/wp\/v2\/comments?post=18221"}],"version-history":[{"count":1,"href":"https:\/\/www.legrandlarge.com\/nl\/wp-json\/wp\/v2\/pages\/18221\/revisions"}],"predecessor-version":[{"id":18223,"href":"https:\/\/www.legrandlarge.com\/nl\/wp-json\/wp\/v2\/pages\/18221\/revisions\/18223"}],"wp:attachment":[{"href":"https:\/\/www.legrandlarge.com\/nl\/wp-json\/wp\/v2\/media?parent=18221"}],"curies":[{"name":"wp","href":"https:\/\/api.w.org\/{rel}","templated":true}]}}