{"id":18229,"date":"2025-12-08T09:30:15","date_gmt":"2025-12-08T09:30:15","guid":{"rendered":"https:\/\/www.legrandlarge.com\/legale-erwaehnungen\/"},"modified":"2026-01-13T08:10:56","modified_gmt":"2026-01-13T08:10:56","slug":"legale-erwaehnungen","status":"publish","type":"page","link":"https:\/\/www.legrandlarge.com\/de\/legale-erwaehnungen\/","title":{"rendered":"Rechtliche Hinweise"},"content":{"rendered":"\n<div class=\"wp-block-cover alignfull hero-content\" style=\"min-height:90vh;aspect-ratio:unset;\"><img alt=\"\" decoding=\"async\" class=\"wp-block-cover__image-background wp-image-264 size-large\" alt=\"\" src=\"https:\/\/www.legrandlarge.com\/wp-content\/themes\/horizon-marketing-child\/src\/img\/theme\/fond-banner.webp\" data-object-fit=\"cover\"\/><span aria-hidden=\"true\" class=\"wp-block-cover__background has-background-dim wp-block-cover__gradient-background has-background-gradient\" style=\"background:linear-gradient(135deg,rgba(0,0,0,0) 0%,rgb(0,0,0) 100%)\"><\/span><div class=\"wp-block-cover__inner-container has-global-padding is-layout-constrained wp-container-core-cover-is-layout-071fe3a8 wp-block-cover-is-layout-constrained\">\n<div class=\"wp-block-group is-z1 is-vertical is-content-justification-center is-layout-flex wp-container-core-group-is-layout-7b32d8e7 wp-block-group-is-layout-flex\"><h1 class=\"wp-block-post-title has-xl-font-size has-secondary-font-family\">Rechtliche Hinweise<\/h1><\/div>\n<\/div><\/div>\n\n<div class=\"wp-block-group alignfull is-style-bg-texture has-global-padding is-layout-constrained wp-container-core-group-is-layout-fa9a5cf7 wp-block-group-is-layout-constrained\" style=\"padding-top:var(--wp--preset--spacing--xxl);padding-right:2rem;padding-bottom:var(--wp--preset--spacing--xxl);padding-left:2rem\">\n<h2 class=\"wp-block-heading is-style-hrz-title--sub\">Herausgeber der Seite<\/h2>\n\n\n\n<h3 class=\"wp-block-heading is-style-top-title is-style-top-title--1\"><strong>CAMPING LE GRAND LARGE<\/strong><\/h3>\n\n\n\n<p>11 Route du Grand Large<br\/>50340 Les Pieux &#8211; Manche \/ Normandie<br\/>Tel.: 02 33 52 40 75<br\/>Email: <a href=\"mailto:%69%6e%66%6f@%6c%65%67%72%61%6e%64%6c%61%72%67%65.%63%6f%6d\">info@legrandlarge.com<\/a> <\/p>\n\n\n\n<p>Firmenname: CAMPING LE GRAND LARGE<br\/>Stammkapital: 40.000,00 \u20ac<br\/>SIRET-Nr.: 58265028900017<br\/>APE-Code: 5530Z<br\/>RCS: Cherbourg B 582 650 289 (01\/01\/1958)<br\/>Intracommunautaire TVA: FR15 582 650 289<\/p>\n\n\n\n<p>Klassifiziert: 5 Sterne f\u00fcr Tourismus mit 223 Stellpl\u00e4tzen.<br\/><em>Soci\u00e9t\u00e9 Camping le Grand Large mit einem Kapital von 40.000 \u20ac<\/em>.<\/p>\n\n\n\n<p>Verantwortlich f\u00fcr die Ver\u00f6ffentlichung: V\u00e9ronique &amp; St\u00e9phane JORET<\/p>\n\n\n\n<h2 class=\"wp-block-heading is-style-hrz-title--sub\">Bildnachweis:<\/h2>\n\n\n\n<p>Startseite : J. Houyvet \/ Lumieresmarines.com<\/p>\n\n\n\n<p><strong>Verbraucher-Ombudsmann :<\/strong><\/p>\n\n\n\n<p>Die Kontaktdaten des Verbraucher-Ombudsmannes, den der Kunde anrufen kann, sind wie folgt:<br\/>&#8211; elektronisch: https:\/\/cm2c.net\/contact.php<br\/>&#8211; oder per Post: CM2C &#8211; 14 Rue Saint-Jean, 75017 &#8211; Paris.<\/p>\n\n\n\n<p>Gem\u00e4\u00df den Bestimmungen des Verbrauchergesetzbuchs (Artikel L.111-1 und L.612-1 des Verbrauchergesetzbuchs) \u00fcber das Schlichtungsverfahren bei Verbraucherstreitigkeiten&#8221; hat der Kunde das Recht, den von der Einrichtung vorgeschlagenen Schlichtungsdienst kostenlos in Anspruch zu nehmen.<\/p>\n\n\n\n<p><strong>Datenschutzbestimmungen :<\/strong><\/p>\n\n\n\n<p>Unsere Einrichtung nimmt an allen Spezifikationen und Richtlinien des Transparency &amp; Consent Framework des IAB Europe teil und erf\u00fcllt diese. Sie verwendet die Consent Management Platform Nr. 92.<br\/>Sie k\u00f6nnen Ihre Wahl jederzeit \u00e4ndern, indem Sie <a href=\"javascript:void(0);\">hier klicken<\/a>. <\/p>\n\n\n\n<p><strong>Widerspruch gegen telefonische Anwerbung :<\/strong><\/p>\n\n\n\n<p>Gem\u00e4\u00df den Bestimmungen des Verbraucherschutzgesetzes (Artikel L. 223-2 des Verbraucherschutzgesetzes) informiert ein Gewerbetreibender, der von einem Verbraucher Telefondaten sammelt, diesen \u00fcber sein Recht, sich in die Liste zur Verhinderung von Telefonwerbung &#8221; <a href=\"https:\/\/www.bloctel.gouv.fr\/\" target=\"_blank\" rel=\"noreferrer noopener\">Bloctel<\/a> &#8221; einzutragen, in die Sie sich hier eintragen k\u00f6nnen: <a href=\"https:\/\/www.bloctel.gouv.fr\/\" target=\"_blank\" rel=\"noreferrer noopener\">https:\/\/www.bloctel.gouv.fr<\/a><\/p>\n\n\n\n<h2 class=\"wp-block-heading is-style-hrz-title--sub\">Design, Entwicklung und Hosting :<\/h2>\n\n\n\n<h3 class=\"wp-block-heading is-style-top-title is-style-top-title--2\">Horizon Marketing<\/h3>\n\n\n\n<p>Vertreten durch Herrn Benjamin BALOCHE in seiner Eigenschaft als Vorsitzender.<br\/><br\/>Hauptsitz: 3 Rue Alessandro Volta &#8211; 44470 Carquefou<br\/>Tel. 02.40.85.64.64 &#8211; Fax. 02.40.85.64.65<br\/>Website: <a href=\"https:\/\/www.horizon-marketing.com\/\" target=\"_blank\" rel=\"noreferrer noopener\">www.horizon-marketing.com<\/a> <\/p>\n\n\n\n<p>RCS Nantes 421 902 768<br\/>SIRET 421 902 768 00033 &#8211; Code APE 7311Z<br\/>SAS mit einem Kapital von 30.000 Euro.<br\/>Innergemeinschaftliche MwSt.-Nr. FR 33 421 902 768<\/p>\n\n\n\n<h3 class=\"wp-block-heading is-style-top-title is-style-top-title--3\">Rechtliche Informationen<\/h3>\n\n\n\n<p>Die gesamte Website unterliegt der franz\u00f6sischen Gesetzgebung \u00fcber Urheberrecht und geistiges Eigentum. In Anwendung des Gesetzes vom 11. M\u00e4rz 1957 (Art. 41) und des Gesetzes \u00fcber das geistige Eigentum vom 1. Juli 1992 ist jede teilweise oder vollst\u00e4ndige Vervielf\u00e4ltigung dieser Website f\u00fcr den kollektiven Gebrauch ohne die ausdr\u00fcckliche vorherige Genehmigung von SAS PYVER strengstens untersagt und stellt eine Verletzung dar, die durch die Artikel L335-2 und folgende des Gesetzes \u00fcber das geistige Eigentum sanktioniert wird.<\/p>\n\n\n\n<p>Die Elemente, die auf dieser Website erscheinen, wie Logos, T\u00f6ne, Bilder, Fotos, Videos, Schriften, Animationen, Programme, grafische Chartas, Dienstprogramme, Datenbanken, Software, sind Eigentum der jeweiligen Inhaber und durch die Bestimmungen des Gesetzes \u00fcber geistiges Eigentum gesch\u00fctzt. Dem Nutzer ist es untersagt, die Rechte des geistigen Eigentums an diesen Elementen zu verletzen, insbesondere sie zu vervielf\u00e4ltigen, darzustellen, zu ver\u00e4ndern, anzupassen, zu \u00fcbersetzen, zu extrahieren und\/oder einen qualitativ oder quantitativ wesentlichen Teil von ihnen durch irgendein Verfahren wiederzuverwenden.<\/p>\n\n\n\n<p>Gem\u00e4\u00df Artikel 34 des franz\u00f6sischen Datenschutzgesetzes (Loi n\u00b078-17 Informatique et Libert\u00e9) vom 06\/01\/1978 haben Sie das Recht auf Zugang, \u00c4nderung, Berichtigung und L\u00f6schung der Sie betreffenden Daten. Um dieses Recht auszu\u00fcben, schreiben Sie bitte an den oben genannten Verlag.<a><\/a><a><\/a><\/p>\n\n\n\n<h3 class=\"wp-block-heading is-style-top-title is-style-top-title--4\">Cookies<\/h3>\n\n\n\n<p>Das Surfen auf dieser Website kann dazu f\u00fchren, dass Cookies auf dem Computer des Nutzers installiert werden. Ein Cookie ist eine kleine Datei, die den Benutzer nicht identifiziert, aber Informationen \u00fcber die Navigation eines Computers auf dieser Website aufzeichnet. Die auf diese Weise gesammelten Daten sollen die weitere Navigation auf der Website erleichtern und dienen auch dazu, verschiedene Messungen der Besucherzahlen zu erm\u00f6glichen.<br\/>Wenn Sie die Installation eines Cookies ablehnen, k\u00f6nnen Sie auf bestimmte Dienste nicht zugreifen.<br\/>Cookies, die f\u00fcr das Funktionieren der Website unbedingt erforderlich sind, bed\u00fcrfen keiner Zustimmung. Diese Cookies erm\u00f6glichen es den wichtigsten Diensten der Website, optimal zu funktionieren. Sie k\u00f6nnen diese Cookies technisch blockieren, indem Sie die Einstellungen Ihres Browsers verwenden, aber Ihre Erfahrung auf der Website kann sich verschlechtern.<br\/>Der Nutzer hat jedoch die M\u00f6glichkeit, seinen Computer so zu konfigurieren, dass er die Installation von Cookies ablehnt.   Je nach Browser kann er auf folgende Weise vorgehen:<\/p>\n\n\n\n<p>Mit Firefox: Klicken Sie im Browser-Men\u00fc auf das Men\u00fc <strong>Extras<\/strong>, dann auf die Registerkarte <strong>Optionen <\/strong>und anschlie\u00dfend auf die Registerkarte <strong>Datenschutz<\/strong>.<br\/>Stellen Sie die <strong>Aufbewahrungsregeln<\/strong> auf: <strong>Benutzerdefinierte Einstellungen f\u00fcr den Verlauf verwenden<\/strong> und deaktivieren Sie das Kontrollk\u00e4stchen <strong>Cookies akzeptieren<\/strong>.<\/p>\n\n\n\n<p>Mit Chrome: Klicken Sie auf das Men\u00fcsymbol (symbolisiert durch<strong> drei vertikale Punkte<\/strong>) oben rechts im Browser, dann auf <strong>Einstellungen<\/strong> und anschlie\u00dfend auf <strong>Erweiterte Einstellungen anzeigen<\/strong>. Klicken Sie im Abschnitt &#8220;Datenschutz&#8221; auf &#8221; <strong>Inhaltseinstellungen<\/strong>&#8221; und w\u00e4hlen Sie, ob Sie Cookies blockieren m\u00f6chten.<\/p>\n\n\n\n<p>Mit Internet Explorer: Klicken Sie auf das Men\u00fcsymbol (symbolisiert durch<strong> drei horizontale Punkte<\/strong>) oben rechts im Browser, dann auf <strong>Einstellungen<\/strong> und anschlie\u00dfend auf <strong>Erweiterte Einstellungen anzeigen<\/strong>. Klicken Sie auf <strong>&#8220;Alle Cookies blockieren<\/strong> &#8221; im Abschnitt &#8220;Cookies&#8221;.<\/p>\n\n\n\n<p>Mit Safari: Klicken Sie auf das Men\u00fcsymbol (symbolisiert durch ein <strong>Zahnrad<\/strong>) oben rechts im Browser und dann auf &#8221; <strong>Einstellungen&#8221;<\/strong>. W\u00e4hlen Sie die Registerkarte <strong>Sicherheit<\/strong>. Klicken Sie im Abschnitt &#8220;Cookies akzeptieren&#8221; auf <strong>Nie<\/strong>.<a><\/a><\/p>\n\n\n\n<h3 class=\"wp-block-heading is-style-top-title is-style-top-title--5\">Datenschutzbestimmungen<\/h3>\n\n\n\n<p>Wir werden alle Ma\u00dfnahmen ergreifen, die wir nach vern\u00fcnftigem Ermessen f\u00fcr notwendig halten, um sicherzustellen, dass Ihre Daten sicher und in \u00dcbereinstimmung mit dieser Datenschutz- und Cookie-Richtlinie behandelt werden. Ihre pers\u00f6nlichen Daten werden nur von unserem Unternehmen verwendet. Diese Informationen, ob in individueller oder aggregierter Form, werden niemals an Dritte weitergegeben. Wir sorgen daf\u00fcr, dass Ihre pers\u00f6nlichen Daten korrekt und auf dem neuesten Stand gehalten werden. Sie sind jedoch daf\u00fcr verantwortlich, uns \u00fcber alle \u00c4nderungen Ihrer pers\u00f6nlichen Daten und anderer Informationen (z. B. \u00c4nderungen der Kontaktdaten) zu informieren.<\/p>\n\n\n\n<p>Obwohl wir diese Ma\u00dfnahmen ergreifen, um die Sicherheit Ihrer Daten zu gew\u00e4hrleisten, sollten Sie sich der vielen Risiken bewusst sein, die f\u00fcr die Informationssicherheit bestehen, und entsprechende Vorsichtsma\u00dfnahmen ergreifen, um Ihre Daten zu sch\u00fctzen. Es liegt in der Natur des Internets, dass wir die Sicherheit von Informationen, die Sie uns elektronisch \u00fcbermitteln, nicht garantieren k\u00f6nnen, und jede \u00dcbertragung erfolgt auf Ihr eigenes Risiko.<\/p>\n\n\n\n<p>Sie k\u00f6nnen Ihre Zustimmung zur Verarbeitung Ihrer Daten jederzeit widerrufen, indem Sie eine E-Mail an die im Abschnitt &#8220;Site Editor&#8221; auf dieser Seite angegebene E-Mail-Adresse senden. Sie k\u00f6nnen jederzeit Auskunft \u00fcber die von uns \u00fcber Sie gespeicherten personenbezogenen Daten verlangen oder uns auffordern, diese zu korrigieren oder zu l\u00f6schen.<\/p>\n<\/div>\n","protected":false},"excerpt":{"rendered":"<p>Herausgeber der Seite CAMPING LE GRAND LARGE 11 Route du Grand Large50340 Les Pieux &#8211; Manche \/ NormandieTel.: 02 33 52 40 75Email: info@legrandlarge.com Firmenname: CAMPING LE GRAND LARGEStammkapital: 40.000,00 \u20acSIRET-Nr.: 58265028900017APE-Code: 5530ZRCS: Cherbourg B 582 650 289 (01\/01\/1958)Intracommunautaire TVA: FR15 582 650 289 Klassifiziert: 5 Sterne f\u00fcr Tourismus mit 223 Stellpl\u00e4tzen.Soci\u00e9t\u00e9 Camping le Grand [&hellip;]<\/p>\n","protected":false},"author":1,"featured_media":0,"parent":0,"menu_order":0,"comment_status":"closed","ping_status":"closed","template":"","meta":{"_acf_changed":false,"_seopress_robots_primary_cat":"","_seopress_titles_title":"Rechtliche Hinweise | Camping Le Grand Large in La Manche","_seopress_titles_desc":"Rechtliche Hinweise des 5-Sterne-Campingplatzes Le Grand Large im Departement Manche in der Normandie","_seopress_robots_index":"","footnotes":""},"class_list":["post-18229","page","type-page","status-publish","hentry"],"acf":[],"_links":{"self":[{"href":"https:\/\/www.legrandlarge.com\/de\/wp-json\/wp\/v2\/pages\/18229","targetHints":{"allow":["GET"]}}],"collection":[{"href":"https:\/\/www.legrandlarge.com\/de\/wp-json\/wp\/v2\/pages"}],"about":[{"href":"https:\/\/www.legrandlarge.com\/de\/wp-json\/wp\/v2\/types\/page"}],"author":[{"embeddable":true,"href":"https:\/\/www.legrandlarge.com\/de\/wp-json\/wp\/v2\/users\/1"}],"replies":[{"embeddable":true,"href":"https:\/\/www.legrandlarge.com\/de\/wp-json\/wp\/v2\/comments?post=18229"}],"version-history":[{"count":1,"href":"https:\/\/www.legrandlarge.com\/de\/wp-json\/wp\/v2\/pages\/18229\/revisions"}],"predecessor-version":[{"id":18231,"href":"https:\/\/www.legrandlarge.com\/de\/wp-json\/wp\/v2\/pages\/18229\/revisions\/18231"}],"wp:attachment":[{"href":"https:\/\/www.legrandlarge.com\/de\/wp-json\/wp\/v2\/media?parent=18229"}],"curies":[{"name":"wp","href":"https:\/\/api.w.org\/{rel}","templated":true}]}}