{"id":18158,"date":"2025-12-01T14:25:52","date_gmt":"2025-12-01T14:25:52","guid":{"rendered":"https:\/\/www.legrandlarge.com\/avis-camping-normandie\/"},"modified":"2026-01-13T08:09:35","modified_gmt":"2026-01-13T08:09:35","slug":"avis-camping-normandie","status":"publish","type":"page","link":"https:\/\/www.legrandlarge.com\/de\/avis-camping-normandie\/","title":{"rendered":"Kundenmeinungen \u00fcber unseren Campingplatz in der Normandie"},"content":{"rendered":"\n<div class=\"wp-block-cover alignfull hero-content\" style=\"min-height:90vh;aspect-ratio:unset;\"><img alt=\"\" decoding=\"async\" class=\"wp-block-cover__image-background wp-image-264 size-large\" alt=\"\" src=\"https:\/\/www.legrandlarge.com\/wp-content\/themes\/horizon-marketing-child\/src\/img\/theme\/fond-banner.webp\" data-object-fit=\"cover\"\/><span aria-hidden=\"true\" class=\"wp-block-cover__background has-background-dim wp-block-cover__gradient-background has-background-gradient\" style=\"background:linear-gradient(135deg,rgba(0,0,0,0) 0%,rgb(0,0,0) 100%)\"><\/span><div class=\"wp-block-cover__inner-container has-global-padding is-layout-constrained wp-container-core-cover-is-layout-071fe3a8 wp-block-cover-is-layout-constrained\">\n<div class=\"wp-block-group is-z1 is-vertical is-content-justification-center is-layout-flex wp-container-core-group-is-layout-7b32d8e7 wp-block-group-is-layout-flex\"><h1 class=\"has-text-align-center wp-block-post-title has-xl-font-size has-secondary-font-family\">Kundenmeinungen \u00fcber unseren Campingplatz in der Normandie<\/h1><\/div>\n<\/div><\/div>\n\n<div class=\"wp-block-group alignfull lgl-icon-slider has-vert-background-color has-background has-global-padding is-layout-constrained wp-container-core-group-is-layout-4d5d9ca1 wp-block-group-is-layout-constrained\" style=\"padding-top:var(--wp--preset--spacing--s);padding-bottom:var(--wp--preset--spacing--s)\">\n<div class=\"wp-block-group lgl-icon-slider-wrapper is-content-justification-center is-nowrap is-layout-flex wp-container-core-group-is-layout-d900bf9d wp-block-group-is-layout-flex\">\n<div class=\"wp-block-group item is-vertical is-content-justification-center is-layout-flex wp-container-core-group-is-layout-70980796 wp-block-group-is-layout-flex\">\n<figure class=\"wp-block-image size-full is-resized wp-duotone-bg-vert\"><img alt=\"\" decoding=\"async\" src=\"https:\/\/www.legrandlarge.com\/wp-content\/themes\/horizon-marketing-child\/src\/img\/pictos\/plage.svg\" alt=\"\" class=\"wp-image-53\" style=\"object-fit:contain;width:40px;height:40px\"\/><\/figure>\n\n\n\n<p class=\"has-text-align-center has-vert-f-color has-text-color has-link-color has-xs-font-size wp-elements-7f91c6e37c80e46ac48ff2d442624861\" style=\"font-style:normal;font-weight:500;text-transform:uppercase\"><strong>Direkter Zugang zu\n Strand<\/strong><\/p>\n<\/div>\n\n\n\n<div class=\"wp-block-group item is-vertical is-content-justification-center is-layout-flex wp-container-core-group-is-layout-70980796 wp-block-group-is-layout-flex\">\n<figure class=\"wp-block-image size-full is-resized wp-duotone-bg-vert\"><img alt=\"\" decoding=\"async\" src=\"https:\/\/www.legrandlarge.com\/wp-content\/themes\/horizon-marketing-child\/src\/img\/pictos\/localisation.svg\" alt=\"\" class=\"wp-image-58\" style=\"object-fit:contain;width:40px;height:40px\"\/><\/figure>\n\n\n\n<p class=\"has-text-align-center has-vert-f-color has-text-color has-link-color has-xs-font-size wp-elements-d8c335210ba2e8af942f44c16f3e15f7\" style=\"font-style:normal;font-weight:500;text-transform:uppercase\"><strong>Nat\u00fcrlicher Rahmen<\/strong><\/p>\n<\/div>\n\n\n\n<div class=\"wp-block-group item is-vertical is-content-justification-center is-layout-flex wp-container-core-group-is-layout-70980796 wp-block-group-is-layout-flex\">\n<figure class=\"wp-block-image size-full is-resized wp-duotone-bg-vert\"><img alt=\"\" decoding=\"async\" src=\"https:\/\/www.legrandlarge.com\/wp-content\/themes\/horizon-marketing-child\/src\/img\/pictos\/presta.svg\" alt=\"\" class=\"wp-image-59\" style=\"object-fit:contain;width:40px;height:40px\"\/><\/figure>\n\n\n\n<p class=\"has-text-align-center has-vert-f-color has-text-color has-link-color has-xs-font-size wp-elements-2746197543bb0b206e9d94b3e797cf41\" style=\"font-style:normal;font-weight:500;text-transform:uppercase\"><strong>Leistungen 5\n Sterne<\/strong><\/p>\n<\/div>\n\n\n\n<div class=\"wp-block-group item is-vertical is-content-justification-center is-layout-flex wp-container-core-group-is-layout-70980796 wp-block-group-is-layout-flex\">\n<figure class=\"wp-block-image size-full is-resized wp-duotone-bg-vert\"><img alt=\"\" decoding=\"async\" src=\"https:\/\/www.legrandlarge.com\/wp-content\/themes\/horizon-marketing-child\/src\/img\/pictos\/superficie.svg\" alt=\"\" class=\"wp-image-60\" style=\"object-fit:contain;width:40px;height:40px\"\/><\/figure>\n\n\n\n<p class=\"has-text-align-center has-vert-f-color has-text-color has-link-color has-xs-font-size wp-elements-9f3e36c7929f86aeb7ac5ae379dde0cf\" style=\"font-style:normal;font-weight:500;text-transform:uppercase\"><strong>Unterk\u00fcnfte\n ger\u00e4umig<\/strong><\/p>\n<\/div>\n\n\n\n<div class=\"wp-block-group item is-vertical is-content-justification-center is-layout-flex wp-container-core-group-is-layout-70980796 wp-block-group-is-layout-flex\">\n<figure class=\"wp-block-image size-full is-resized wp-duotone-bg-vert\"><img alt=\"\" decoding=\"async\" src=\"https:\/\/www.legrandlarge.com\/wp-content\/themes\/horizon-marketing-child\/src\/img\/pictos\/divertissement.svg\" alt=\"\" class=\"wp-image-61\" style=\"object-fit:contain;width:40px;height:40px\"\/><\/figure>\n\n\n\n<p class=\"has-text-align-center has-vert-f-color has-text-color has-link-color has-xs-font-size wp-elements-86c985c4ffa235c4a5663be46ec10a5c\" style=\"font-style:normal;font-weight:500;text-transform:uppercase\"><strong>Vielf\u00e4ltige Aktivit\u00e4ten<\/strong>\n            <\/p>\n<\/div>\n<\/div>\n<\/div>\n\n<div class=\"wp-block-group alignfull is-style-bg-texture has-global-padding is-content-justification-left is-layout-constrained wp-container-core-group-is-layout-7ac10ba0 wp-block-group-is-layout-constrained\" style=\"padding-right:var(--wp--preset--spacing--s);padding-left:var(--wp--preset--spacing--s)\"><div style=\"padding-top:var(--wp--preset--spacing--xxs);padding-bottom:var(--wp--preset--spacing--xxs);\" class=\"wp-elements-b53f42f057c06f74b28afc57fcce3d1c wp-block-wpseopress-breadcrumbs has-xxs-font-size has-primary-font-family\"><nav  aria-label=\"breadcrumb\"><ol class=\"breadcrumb\" itemscope itemtype=\"https:\/\/schema.org\/BreadcrumbList\"><li class=\"breadcrumb-item active\" aria-current=\"page\" itemprop=\"itemListElement\" itemscope itemtype=\"https:\/\/schema.org\/ListItem\"><span itemprop=\"name\">Home<\/span><meta itemprop=\"position\" content=\"1\"><\/li><\/ol><\/nav><\/div><\/div>\n\n<div class=\"wp-block-group alignfull is-style-bg-w-boat has-global-padding is-layout-constrained wp-container-core-group-is-layout-72208401 wp-block-group-is-layout-constrained\" style=\"padding-top:var(--wp--preset--spacing--c-huge);padding-right:2rem;padding-bottom:var(--wp--preset--spacing--c-norm);padding-left:2rem\">\n<div class=\"wp-block-columns lg-image-text-simple is-layout-flex wp-container-core-columns-is-layout-1209f74c wp-block-columns-is-layout-flex\">\n<div class=\"wp-block-column is-vertically-aligned-bottom is-left is-layout-flow wp-block-column-is-layout-flow\" style=\"flex-basis:50%\">\n<div class=\"wp-block-group lgl-wide-content-center is-layout-flow wp-block-group-is-layout-flow\">\n<figure class=\"wp-block-image size-full is-resized\"><img alt=\"\" decoding=\"async\" src=\"https:\/\/www.legrandlarge.com\/wp-content\/themes\/horizon-marketing-child\/src\/img\/theme\/G_logo-blanc.png\" alt=\"\" class=\"wp-image-79\" style=\"object-fit:contain;width:60px;height:60px\"\/><\/figure>\n<\/div>\n\n\n\n<figure class=\"wp-block-image size-large\"><img alt=\"\" decoding=\"async\" src=\"https:\/\/www.legrandlarge.com\/wp-content\/themes\/horizon-marketing-child\/src\/img\/theme\/fond-portrait.webp\" alt=\"\" class=\"wp-image-252\" style=\"aspect-ratio:3\/4;object-fit:cover\"\/><\/figure>\n<\/div>\n\n\n\n<div class=\"wp-block-column is-vertically-aligned-center is-right is-layout-flow wp-container-core-column-is-layout-6fa465bf wp-block-column-is-layout-flow\" style=\"flex-basis:50%\">\n<p class=\"is-style-hrz-p--title has-secondary-color has-text-color has-link-color wp-elements-ed397a38d2a7ffc46b8929660bc04d62\">Sie liebten ihren Aufenthalt<\/p>\n\n\n\n<h2 class=\"wp-block-heading is-style-hrz-title--sub\">Die Meinungen unserer Urlauber \u00fcber unseren Campingplatz in der Normandie<\/h2>\n\n\n\n<p class=\"is-style-hrz-p--base\">Willkommen auf der Seite mit den Bewertungen des Campingplatzes Le Grand Large, wo unsere G\u00e4ste ihre Erfahrungen und sch\u00f6nsten Erinnerungen teilen. Familienaufenthalte, Wochenenden f\u00fcr Verliebte, Urlaub mit Freunden&#8230; Alle beschreiben die Qualit\u00e4t des Empfangs, die Sauberkeit der Pl\u00e4tze, den Komfort der Unterk\u00fcnfte und die au\u00dfergew\u00f6hnliche Umgebung am Meer. Diese authentischen R\u00fcckmeldungen zeugen von der Freundlichkeit und Gelassenheit, die unseren <strong>Campingplatz in der Normandie<\/strong> auszeichnen.<br\/>Wenn Sie die Kommentare durchlesen, werden Sie entdecken, was den Unterschied ausmacht: direkter Zugang zum Strand, beheizte Pools, Animationen, 5-Sterne-Service und eine herzliche Atmosph\u00e4re w\u00e4hrend der gesamten Saison.<br\/>Lassen Sie sich von den Erfahrungen derjenigen leiten, die bereits in Le Grand Large gewohnt haben &#8211; ihre Zufriedenheit ist der beste Beweis daf\u00fcr, dass Ihr n\u00e4chster Urlaub unvergesslich sein wird.  <\/p>\n<\/div>\n<\/div>\n<\/div>\n\n<div class=\"wp-block-group alignfull is-style-bg-texture has-global-padding is-layout-constrained wp-container-core-group-is-layout-e26c9ab7 wp-block-group-is-layout-constrained\" style=\"padding-top:var(--wp--preset--spacing--xl);padding-bottom:var(--wp--preset--spacing--xl)\">\n<div id=\"guest-suite-target\"><\/div>\n\n\n\n<script src=\"https:\/\/widget.guest-suite.com\/widget\/guestsuite-widget.js\"><\/script>\n<script>\n    window.guestsuite.setOptions({\n        main_color: '#bf3353',\n        bg_color: '#d5d5d5',\n        font_list: 'Arial, sans-serif',\n        locale: 'fr',\n    });\n    window.guestsuite.init('guest-suite-target', 'dEkfJ8kWThaXWbLN', 8445);\n<\/script>\n\n\n\n<div class=\"wp-block-buttons is-content-justification-center is-layout-flex wp-container-core-buttons-is-layout-7b1017a7 wp-block-buttons-is-layout-flex\" style=\"padding-top:var(--wp--preset--spacing--l);padding-bottom:var(--wp--preset--spacing--l)\">\n<div class=\"wp-block-button is-style-hrz-btn--primary\"><a class=\"wp-block-button__link has-quaternary-color has-text-color has-link-color wp-element-button\" href=\"https:\/\/reservation.secureholiday.net\/fr\/171\/reviews\" target=\"_blank\" rel=\"noreferrer noopener nofollow\">Sehen Sie alle unsere Meinungen<\/a><\/div>\n<\/div>\n<\/div>\n\n<div class=\"wp-block-group alignfull lgl-prefooter has-vert-background-color has-background has-global-padding is-layout-constrained wp-container-core-group-is-layout-827caa84 wp-block-group-is-layout-constrained\" style=\"padding-top:5.31rem;padding-bottom:5.31rem\">\n<div class=\"wp-block-group lgl-prefooter-wrapper is-content-justification-center is-nowrap is-layout-flex wp-container-core-group-is-layout-7bd8e6d9 wp-block-group-is-layout-flex\" style=\"padding-right:2rem;padding-left:2rem\">\n<div class=\"wp-block-group item is-vertical is-content-justification-center is-layout-flex wp-container-core-group-is-layout-b6c1f246 wp-block-group-is-layout-flex\">\n<figure class=\"wp-block-image size-full is-resized wp-duotone-white\"><img alt=\"\" decoding=\"async\" src=\"https:\/\/www.legrandlarge.com\/wp-content\/uploads\/2025\/12\/docutiles.svg\" alt=\"\" class=\"wp-image-500\" style=\"width:auto;height:90px\"\/><\/figure>\n\n\n\n<p class=\"has-text-align-center is-style-default has-blanc-color has-text-color has-link-color has-secondary-font-family has-m-font-size wp-elements-d36ffa4777824e05dace2f4bf07bf738\">Alles im Griff<br\/> den<em>Geist frei.<\/em><\/p>\n\n\n\n<p class=\"has-text-align-center has-vert-f-color has-text-color has-link-color wp-elements-a73e82722264b197413cd4856e909a07\" style=\"text-transform:uppercase\"><strong>Alle Dokumente<\/strong><\/p>\n\n\n\n<div style=\"height:0px\" aria-hidden=\"true\" class=\"wp-block-spacer is-spacer wp-container-content-6b166158\"><\/div>\n\n\n\n<div class=\"wp-block-buttons is-layout-flex wp-block-buttons-is-layout-flex\">\n<div class=\"wp-block-button is-style-hrz-btn--primary is-darker\"><a class=\"wp-block-button__link has-vert-f-color has-text-color has-link-color has-text-align-center wp-element-button\" href=\"https:\/\/www.legrandlarge.com\/de\/vacances-camping-normandie\/\" style=\"text-transform:uppercase\">N\u00fctzliche Dokumente<\/a><\/div>\n<\/div>\n<\/div>\n\n\n\n<div class=\"wp-block-group item is-vertical is-content-justification-center is-layout-flex wp-container-core-group-is-layout-b6c1f246 wp-block-group-is-layout-flex\">\n<figure class=\"wp-block-image size-full is-resized wp-duotone-white\"><img alt=\"\" decoding=\"async\" src=\"https:\/\/www.legrandlarge.com\/wp-content\/uploads\/2025\/12\/avis.svg\" alt=\"\" class=\"wp-image-496\" style=\"width:auto;height:90px\"\/><\/figure>\n\n\n\n<p class=\"has-text-align-center is-style-default has-blanc-color has-text-color has-link-color has-secondary-font-family has-m-font-size wp-elements-ac8a02e8c65498a2de6c1a715c7ee23e\">Ihre Worte,<br\/>unsere <em>Gischt<\/em><\/p>\n\n\n\n<p class=\"has-text-align-center has-vert-f-color has-text-color has-link-color wp-elements-80b95af925dbf83ec8829339142e73a7\" style=\"text-transform:uppercase\"><strong>Ihre Meinung<\/strong><\/p>\n\n\n\n<div style=\"height:0px\" aria-hidden=\"true\" class=\"wp-block-spacer is-spacer wp-container-content-6b166158\"><\/div>\n\n\n\n<div class=\"wp-block-buttons is-layout-flex wp-block-buttons-is-layout-flex\">\n<div class=\"wp-block-button is-style-hrz-btn--primary is-darker\"><a class=\"wp-block-button__link has-vert-f-color has-text-color has-link-color has-text-align-center wp-element-button\" href=\"https:\/\/www.legrandlarge.com\/de\/avis-camping-normandie\/\" style=\"text-transform:uppercase\">Kundenmeinungen<\/a><\/div>\n<\/div>\n<\/div>\n\n\n\n<div class=\"wp-block-group item is-vertical is-content-justification-center is-layout-flex wp-container-core-group-is-layout-b6c1f246 wp-block-group-is-layout-flex\">\n<figure class=\"wp-block-image size-full is-resized wp-duotone-white\"><img alt=\"\" decoding=\"async\" src=\"https:\/\/www.legrandlarge.com\/wp-content\/uploads\/2025\/12\/blog.svg\" alt=\"\" class=\"wp-image-498\" style=\"width:auto;height:90px\"\/><\/figure>\n\n\n\n<p class=\"has-text-align-center is-style-default has-blanc-color has-text-color has-link-color has-secondary-font-family has-m-font-size wp-elements-99101c98593388b5a37c0e7acdd83959\">Alle <em>unsere<\/em><br\/><em>Chroniken<\/em><\/p>\n\n\n\n<p class=\"has-text-align-center has-vert-f-color has-text-color has-link-color wp-elements-c8dd6b35df7d681ce884904024c40f7a\" style=\"text-transform:uppercase\"><strong>Unser Blog<\/strong><\/p>\n\n\n\n<div style=\"height:0px\" aria-hidden=\"true\" class=\"wp-block-spacer is-spacer wp-container-content-6b166158\"><\/div>\n\n\n\n<div class=\"wp-block-buttons is-layout-flex wp-block-buttons-is-layout-flex\">\n<div class=\"wp-block-button is-style-hrz-btn--primary is-darker\"><a class=\"wp-block-button__link has-vert-f-color has-text-color has-link-color has-text-align-center wp-element-button\" href=\"https:\/\/www.legrandlarge.com\/de\/blog-camping-normandie\/\" style=\"text-transform:uppercase\">Blog<\/a><\/div>\n<\/div>\n<\/div>\n\n\n\n<div class=\"wp-block-group item is-vertical is-content-justification-center is-layout-flex wp-container-core-group-is-layout-b6c1f246 wp-block-group-is-layout-flex\">\n<figure class=\"wp-block-image size-full is-resized wp-duotone-white\"><img alt=\"\" decoding=\"async\" src=\"https:\/\/www.legrandlarge.com\/wp-content\/uploads\/2025\/12\/phare.svg\" alt=\"\" class=\"wp-image-504\" style=\"width:auto;height:90px\"\/><\/figure>\n\n\n\n<p class=\"has-text-align-center is-style-default has-blanc-color has-text-color has-link-color has-secondary-font-family has-m-font-size wp-elements-93ec389beb72a80521bbbefefb797c31\">Jodhaltige Rhythmen<br\/><em>garantiert<\/em><\/p>\n\n\n\n<p class=\"has-text-align-center has-vert-f-color has-text-color has-link-color wp-elements-4983a7ccfc9ce3301b634668b4b9cdeb\" style=\"text-transform:uppercase\"><strong>Rhythmus des Ozeans<\/strong><\/p>\n\n\n\n<div style=\"height:0px\" aria-hidden=\"true\" class=\"wp-block-spacer is-spacer wp-container-content-6b166158\"><\/div>\n\n\n\n<div class=\"wp-block-buttons is-layout-flex wp-block-buttons-is-layout-flex\">\n<div class=\"wp-block-button is-style-hrz-btn--primary is-darker\"><a class=\"wp-block-button__link has-vert-f-color has-text-color has-link-color has-text-align-center wp-element-button\" style=\"text-transform:uppercase\">Gezeitenzeiten<\/a><\/div>\n<\/div>\n<\/div>\n\n\n\n<div class=\"wp-block-group item is-vertical is-content-justification-center is-layout-flex wp-container-core-group-is-layout-b6c1f246 wp-block-group-is-layout-flex\">\n<figure class=\"wp-block-image size-full is-resized wp-duotone-white\"><img alt=\"\" decoding=\"async\" src=\"https:\/\/www.legrandlarge.com\/wp-content\/uploads\/2025\/12\/acces.svg\" alt=\"\" class=\"wp-image-495\" style=\"width:auto;height:90px\"\/><\/figure>\n\n\n\n<p class=\"has-text-align-center is-style-default has-blanc-color has-text-color has-link-color has-secondary-font-family has-m-font-size wp-elements-a481d5f130264126c35f29ae4a68d9e4\">Kurs auf<br\/><em>Le Grand Large<\/em><\/p>\n\n\n\n<p class=\"has-text-align-center has-vert-f-color has-text-color has-link-color wp-elements-8a04277bde165aae9e61710597302b82\" style=\"text-transform:uppercase\"><strong>Kontaktieren Sie uns<\/strong><\/p>\n\n\n\n<div style=\"height:0px\" aria-hidden=\"true\" class=\"wp-block-spacer is-spacer wp-container-content-6b166158\"><\/div>\n\n\n\n<div class=\"wp-block-buttons is-layout-flex wp-block-buttons-is-layout-flex\">\n<div class=\"wp-block-button is-style-hrz-btn--primary is-darker\"><a class=\"wp-block-button__link has-vert-f-color has-text-color has-link-color has-text-align-center wp-element-button\" href=\"https:\/\/www.legrandlarge.com\/de\/contact-camping-manche\/\" style=\"text-transform:uppercase\">Kontakt &amp; Anfahrt<\/a><\/div>\n<\/div>\n<\/div>\n<\/div>\n<\/div>\n","protected":false},"excerpt":{"rendered":"<p>Direkter Zugang zu Strand Nat\u00fcrlicher Rahmen Leistungen 5 Sterne Unterk\u00fcnfte ger\u00e4umig Vielf\u00e4ltige Aktivit\u00e4ten Sie liebten ihren Aufenthalt Die Meinungen unserer Urlauber \u00fcber unseren Campingplatz in der Normandie Willkommen auf der Seite mit den Bewertungen des Campingplatzes Le Grand Large, wo unsere G\u00e4ste ihre Erfahrungen und sch\u00f6nsten Erinnerungen teilen. Familienaufenthalte, Wochenenden f\u00fcr Verliebte, Urlaub mit Freunden&#8230; [&hellip;]<\/p>\n","protected":false},"author":1,"featured_media":0,"parent":0,"menu_order":0,"comment_status":"closed","ping_status":"closed","template":"page-no-title","meta":{"_acf_changed":false,"_seopress_robots_primary_cat":"","_seopress_titles_title":"Bewertungen von Camping Le Grand Large in der Normandie | Der beste Campingplatz in Manche","_seopress_titles_desc":"Entdecken Sie den besten Campingplatz in der Normandie: Le Grand Large. Sehen Sie sich die Kundenbewertungen an und erfahren Sie, warum sich Urlauber f\u00fcr uns entscheiden.","_seopress_robots_index":"","footnotes":""},"class_list":["post-18158","page","type-page","status-publish","hentry"],"acf":[],"_links":{"self":[{"href":"https:\/\/www.legrandlarge.com\/de\/wp-json\/wp\/v2\/pages\/18158","targetHints":{"allow":["GET"]}}],"collection":[{"href":"https:\/\/www.legrandlarge.com\/de\/wp-json\/wp\/v2\/pages"}],"about":[{"href":"https:\/\/www.legrandlarge.com\/de\/wp-json\/wp\/v2\/types\/page"}],"author":[{"embeddable":true,"href":"https:\/\/www.legrandlarge.com\/de\/wp-json\/wp\/v2\/users\/1"}],"replies":[{"embeddable":true,"href":"https:\/\/www.legrandlarge.com\/de\/wp-json\/wp\/v2\/comments?post=18158"}],"version-history":[{"count":1,"href":"https:\/\/www.legrandlarge.com\/de\/wp-json\/wp\/v2\/pages\/18158\/revisions"}],"predecessor-version":[{"id":18159,"href":"https:\/\/www.legrandlarge.com\/de\/wp-json\/wp\/v2\/pages\/18158\/revisions\/18159"}],"wp:attachment":[{"href":"https:\/\/www.legrandlarge.com\/de\/wp-json\/wp\/v2\/media?parent=18158"}],"curies":[{"name":"wp","href":"https:\/\/api.w.org\/{rel}","templated":true}]}}