{"id":17890,"date":"2025-12-01T14:55:56","date_gmt":"2025-12-01T14:55:56","guid":{"rendered":"https:\/\/www.legrandlarge.com\/emplacements-camping-manche\/"},"modified":"2026-01-20T13:27:39","modified_gmt":"2026-01-20T13:27:39","slug":"emplacements-camping-manche","status":"publish","type":"page","link":"https:\/\/www.legrandlarge.com\/de\/emplacements-camping-manche\/","title":{"rendered":"5-Sterne-Campingplatz mit Stellpl\u00e4tzen in der Normandie"},"content":{"rendered":"\n<div class=\"wp-block-cover alignfull hero-content\" style=\"min-height:90vh;aspect-ratio:unset;\"><img alt=\"\" decoding=\"async\" width=\"1024\" height=\"683\" class=\"wp-block-cover__image-background wp-image-738 size-large\" alt=\"\" src=\"https:\/\/www.legrandlarge.com\/wp-content\/uploads\/2025\/12\/GRAND-LARGE-2025-ESE-30-1024x683.webp\" data-object-fit=\"cover\" srcset=\"https:\/\/www.legrandlarge.com\/wp-content\/uploads\/2025\/12\/GRAND-LARGE-2025-ESE-30-1024x683.webp 1024w, https:\/\/www.legrandlarge.com\/wp-content\/uploads\/2025\/12\/GRAND-LARGE-2025-ESE-30-300x200.webp 300w, https:\/\/www.legrandlarge.com\/wp-content\/uploads\/2025\/12\/GRAND-LARGE-2025-ESE-30-768x512.webp 768w, https:\/\/www.legrandlarge.com\/wp-content\/uploads\/2025\/12\/GRAND-LARGE-2025-ESE-30-1440x960.webp 1440w, https:\/\/www.legrandlarge.com\/wp-content\/uploads\/2025\/12\/GRAND-LARGE-2025-ESE-30-1080x720.webp 1080w, https:\/\/www.legrandlarge.com\/wp-content\/uploads\/2025\/12\/GRAND-LARGE-2025-ESE-30-720x480.webp 720w, https:\/\/www.legrandlarge.com\/wp-content\/uploads\/2025\/12\/GRAND-LARGE-2025-ESE-30-480x320.webp 480w, https:\/\/www.legrandlarge.com\/wp-content\/uploads\/2025\/12\/GRAND-LARGE-2025-ESE-30-240x160.webp 240w, https:\/\/www.legrandlarge.com\/wp-content\/uploads\/2025\/12\/GRAND-LARGE-2025-ESE-30-120x80.webp 120w, https:\/\/www.legrandlarge.com\/wp-content\/uploads\/2025\/12\/GRAND-LARGE-2025-ESE-30.webp 1920w\" sizes=\"(max-width: 1024px) 100vw, 1024px\" \/><span aria-hidden=\"true\" class=\"wp-block-cover__background has-background-dim wp-block-cover__gradient-background has-background-gradient\" style=\"background:linear-gradient(135deg,rgba(0,0,0,0) 0%,rgb(0,0,0) 100%)\"><\/span><div class=\"wp-block-cover__inner-container has-global-padding is-layout-constrained wp-container-core-cover-is-layout-071fe3a8 wp-block-cover-is-layout-constrained\">\n<div class=\"wp-block-group is-z1 is-vertical is-content-justification-center is-layout-flex wp-container-core-group-is-layout-7b32d8e7 wp-block-group-is-layout-flex\"><h1 class=\"has-text-align-center wp-block-post-title has-xl-font-size has-secondary-font-family\">5-Sterne-Campingplatz mit Stellpl\u00e4tzen in der Normandie<\/h1><\/div>\n<\/div><\/div>\n\n<div class=\"wp-block-group alignfull lgl-icon-slider has-vert-background-color has-background has-global-padding is-layout-constrained wp-container-core-group-is-layout-4d5d9ca1 wp-block-group-is-layout-constrained\" style=\"padding-top:var(--wp--preset--spacing--s);padding-bottom:var(--wp--preset--spacing--s)\">\n<div class=\"wp-block-group lgl-icon-slider-wrapper is-content-justification-center is-nowrap is-layout-flex wp-container-core-group-is-layout-d900bf9d wp-block-group-is-layout-flex\">\n<div class=\"wp-block-group item is-vertical is-content-justification-center is-layout-flex wp-container-core-group-is-layout-70980796 wp-block-group-is-layout-flex\">\n<figure class=\"wp-block-image size-full is-resized wp-duotone-bg-vert\"><img alt=\"\" decoding=\"async\" src=\"https:\/\/www.legrandlarge.com\/wp-content\/themes\/horizon-marketing-child\/src\/img\/pictos\/plage.svg\" alt=\"\" class=\"wp-image-53\" style=\"object-fit:contain;width:40px;height:40px\"\/><\/figure>\n\n\n\n<p class=\"has-text-align-center has-vert-f-color has-text-color has-link-color has-xs-font-size wp-elements-7f91c6e37c80e46ac48ff2d442624861\" style=\"font-style:normal;font-weight:500;text-transform:uppercase\"><strong>Direkter Zugang zu\n Strand<\/strong><\/p>\n<\/div>\n\n\n\n<div class=\"wp-block-group item is-vertical is-content-justification-center is-layout-flex wp-container-core-group-is-layout-70980796 wp-block-group-is-layout-flex\">\n<figure class=\"wp-block-image size-full is-resized wp-duotone-bg-vert\"><img alt=\"\" decoding=\"async\" src=\"https:\/\/www.legrandlarge.com\/wp-content\/themes\/horizon-marketing-child\/src\/img\/pictos\/localisation.svg\" alt=\"\" class=\"wp-image-58\" style=\"object-fit:contain;width:40px;height:40px\"\/><\/figure>\n\n\n\n<p class=\"has-text-align-center has-vert-f-color has-text-color has-link-color has-xs-font-size wp-elements-d8c335210ba2e8af942f44c16f3e15f7\" style=\"font-style:normal;font-weight:500;text-transform:uppercase\"><strong>Nat\u00fcrlicher Rahmen<\/strong><\/p>\n<\/div>\n\n\n\n<div class=\"wp-block-group item is-vertical is-content-justification-center is-layout-flex wp-container-core-group-is-layout-70980796 wp-block-group-is-layout-flex\">\n<figure class=\"wp-block-image size-full is-resized wp-duotone-bg-vert\"><img alt=\"\" decoding=\"async\" src=\"https:\/\/www.legrandlarge.com\/wp-content\/themes\/horizon-marketing-child\/src\/img\/pictos\/presta.svg\" alt=\"\" class=\"wp-image-59\" style=\"object-fit:contain;width:40px;height:40px\"\/><\/figure>\n\n\n\n<p class=\"has-text-align-center has-vert-f-color has-text-color has-link-color has-xs-font-size wp-elements-2746197543bb0b206e9d94b3e797cf41\" style=\"font-style:normal;font-weight:500;text-transform:uppercase\"><strong>Leistungen 5\n Sterne<\/strong><\/p>\n<\/div>\n\n\n\n<div class=\"wp-block-group item is-vertical is-content-justification-center is-layout-flex wp-container-core-group-is-layout-70980796 wp-block-group-is-layout-flex\">\n<figure class=\"wp-block-image size-full is-resized wp-duotone-bg-vert\"><img alt=\"\" decoding=\"async\" src=\"https:\/\/www.legrandlarge.com\/wp-content\/themes\/horizon-marketing-child\/src\/img\/pictos\/superficie.svg\" alt=\"\" class=\"wp-image-60\" style=\"object-fit:contain;width:40px;height:40px\"\/><\/figure>\n\n\n\n<p class=\"has-text-align-center has-vert-f-color has-text-color has-link-color has-xs-font-size wp-elements-9f3e36c7929f86aeb7ac5ae379dde0cf\" style=\"font-style:normal;font-weight:500;text-transform:uppercase\"><strong>Unterk\u00fcnfte\n ger\u00e4umig<\/strong><\/p>\n<\/div>\n\n\n\n<div class=\"wp-block-group item is-vertical is-content-justification-center is-layout-flex wp-container-core-group-is-layout-70980796 wp-block-group-is-layout-flex\">\n<figure class=\"wp-block-image size-full is-resized wp-duotone-bg-vert\"><img alt=\"\" decoding=\"async\" src=\"https:\/\/www.legrandlarge.com\/wp-content\/themes\/horizon-marketing-child\/src\/img\/pictos\/divertissement.svg\" alt=\"\" class=\"wp-image-61\" style=\"object-fit:contain;width:40px;height:40px\"\/><\/figure>\n\n\n\n<p class=\"has-text-align-center has-vert-f-color has-text-color has-link-color has-xs-font-size wp-elements-86c985c4ffa235c4a5663be46ec10a5c\" style=\"font-style:normal;font-weight:500;text-transform:uppercase\"><strong>Vielf\u00e4ltige Aktivit\u00e4ten<\/strong>\n            <\/p>\n<\/div>\n<\/div>\n<\/div>\n\n<div class=\"wp-block-group alignfull is-style-bg-texture has-global-padding is-content-justification-left is-layout-constrained wp-container-core-group-is-layout-7ac10ba0 wp-block-group-is-layout-constrained\" style=\"padding-right:var(--wp--preset--spacing--s);padding-left:var(--wp--preset--spacing--s)\"><div style=\"padding-top:var(--wp--preset--spacing--xxs);padding-bottom:var(--wp--preset--spacing--xxs);\" class=\"wp-elements-b53f42f057c06f74b28afc57fcce3d1c wp-block-wpseopress-breadcrumbs has-xxs-font-size has-primary-font-family\"><nav  aria-label=\"breadcrumb\"><ol class=\"breadcrumb\" itemscope itemtype=\"https:\/\/schema.org\/BreadcrumbList\"><li class=\"breadcrumb-item active\" aria-current=\"page\" itemprop=\"itemListElement\" itemscope itemtype=\"https:\/\/schema.org\/ListItem\"><span itemprop=\"name\">Home<\/span><meta itemprop=\"position\" content=\"1\"><\/li><\/ol><\/nav><\/div><\/div>\n\n<div class=\"wp-block-group alignfull is-style-bg-faq has-global-padding is-layout-constrained wp-container-core-group-is-layout-de479f21 wp-block-group-is-layout-constrained\" style=\"padding-top:var(--wp--preset--spacing--c-huge);padding-bottom:var(--wp--preset--spacing--c-huge)\">\n<div class=\"wp-block-columns lg-image-text-simple is-layout-flex wp-container-core-columns-is-layout-1209f74c wp-block-columns-is-layout-flex\">\n<div class=\"wp-block-column is-vertically-aligned-bottom is-left is-layout-flow wp-block-column-is-layout-flow\" style=\"flex-basis:50%\">\n<div class=\"wp-block-group lgl-wide-content-center is-layout-flow wp-block-group-is-layout-flow\">\n<figure class=\"wp-block-image size-full is-resized\"><img alt=\"\" decoding=\"async\" src=\"https:\/\/www.legrandlarge.com\/wp-content\/themes\/horizon-marketing-child\/src\/img\/theme\/G_logo-blanc.png\" alt=\"\" class=\"wp-image-79\" style=\"object-fit:contain;width:60px;height:60px\"\/><\/figure>\n<\/div>\n\n\n\n<figure class=\"wp-block-image size-large\"><img alt=\"\" decoding=\"async\" width=\"683\" height=\"1024\" src=\"https:\/\/www.legrandlarge.com\/wp-content\/uploads\/2025\/12\/GRAND-LARGE-2025-ESE-02-683x1024.webp\" alt=\"\" class=\"wp-image-733\" style=\"aspect-ratio:3\/4;object-fit:cover\" srcset=\"https:\/\/www.legrandlarge.com\/wp-content\/uploads\/2025\/12\/GRAND-LARGE-2025-ESE-02-683x1024.webp 683w, https:\/\/www.legrandlarge.com\/wp-content\/uploads\/2025\/12\/GRAND-LARGE-2025-ESE-02-200x300.webp 200w, https:\/\/www.legrandlarge.com\/wp-content\/uploads\/2025\/12\/GRAND-LARGE-2025-ESE-02-768x1152.webp 768w, https:\/\/www.legrandlarge.com\/wp-content\/uploads\/2025\/12\/GRAND-LARGE-2025-ESE-02-600x900.webp 600w, https:\/\/www.legrandlarge.com\/wp-content\/uploads\/2025\/12\/GRAND-LARGE-2025-ESE-02-400x600.webp 400w, https:\/\/www.legrandlarge.com\/wp-content\/uploads\/2025\/12\/GRAND-LARGE-2025-ESE-02-133x199.webp 133w, https:\/\/www.legrandlarge.com\/wp-content\/uploads\/2025\/12\/GRAND-LARGE-2025-ESE-02.webp 1280w\" sizes=\"(max-width: 683px) 100vw, 683px\" \/><\/figure>\n<\/div>\n\n\n\n<div class=\"wp-block-column is-vertically-aligned-center is-right is-layout-flow wp-container-core-column-is-layout-6fa465bf wp-block-column-is-layout-flow\" style=\"flex-basis:50%\">\n<p class=\"is-style-hrz-p--title has-secondary-color has-text-color has-link-color wp-elements-0e8617cc3ebd19c37ac15235d04c2f05\">Ideal, um unsere sch\u00f6ne Region zu entdecken<\/p>\n\n\n\n<h2 class=\"wp-block-heading is-style-hrz-title--sub\">Camping-Stellplatz f\u00fcr Zelt, Wohnwagen, Wohnmobil in der Normandie<\/h2>\n\n\n\n<p class=\"is-style-hrz-p--base\">Kommen Sie zu uns auf den <a href=\"https:\/\/www.legrandlarge.com\/de\/\">5-Sterne-Campingplatz Le Grand Large in der Normandie<\/a> <strong>am Meer<\/strong> und verbringen Sie einen <strong>idyllischen Urlaub<\/strong> inmitten der Natur und genie\u00dfen Sie die vielen <strong>abgegrenzten Stellpl\u00e4tze<\/strong> in einer ruhigen Umgebung auf unserem <strong>Campingplatz im Departement Manche<\/strong>.<\/p>\n<\/div>\n<\/div>\n<\/div>\n\n<div class=\"wp-block-group alignfull is-style-bg-texture is-layout-flow wp-block-group-is-layout-flow\" style=\"padding-top:var(--wp--preset--spacing--xl);padding-right:var(--wp--preset--spacing--m);padding-bottom:var(--wp--preset--spacing--xl);padding-left:var(--wp--preset--spacing--m)\">\n\n<\/div>\n\n<div class=\"wp-block-group alignfull hero-text is-style-bg-w-boat has-ternary-background-color has-background has-global-padding is-content-justification-left is-layout-constrained wp-container-core-group-is-layout-b230811c wp-block-group-is-layout-constrained\" style=\"padding-top:var(--wp--preset--spacing--huge);padding-bottom:var(--wp--preset--spacing--c-norm)\">\n<div class=\"wp-block-group is-content is-vertical is-content-justification-left is-layout-flex wp-container-core-group-is-layout-d3c495e3 wp-block-group-is-layout-flex\">\n<p class=\"is-style-hrz-p--title has-secondary-color has-text-color has-link-color wp-elements-b7900ae9abbeb1b8598d7e95c36ae38c\">Urlaub mit allem Komfort<\/p>\n\n\n\n<h2 class=\"wp-block-heading has-text-align-left is-style-hrz-title--sub\">Vermietung von Stellpl\u00e4tzen am Meer im \u00c4rmelkanal<\/h2>\n\n\n\n<p class=\"is-style-hrz-p--base\">Alle <strong>Stellpl\u00e4tze<\/strong> auf unserem<strong> 5-Sterne-Campingplatz Manche<\/strong> sind :<\/p>\n\n\n\n<ul class=\"wp-block-list has-primary-color has-text-color has-link-color wp-elements-3ff94c003d618438e6f4b50c0dcb52ce\">\n<li class=\"has-primary-color has-text-color has-link-color wp-elements-9caf7dfe14a02240e0b90870d302cf16\">die f\u00fcr <strong>Zelte<\/strong>, <strong>Wohnwagen<\/strong> und <strong>Wohnmobile<\/strong> zug\u00e4nglich sind<\/li>\n\n\n\n<li>mit 10 Ampere<strong> Stromanschluss<\/strong> (europ\u00e4ischer Stecker P17) ausgestattet (optional)<\/li>\n\n\n\n<li>ausgestattet mit<strong> Wasserhahn und Abfluss <\/strong><\/li>\n<\/ul>\n\n\n\n<p class=\"is-style-hrz-p--base\">F\u00fcr Ihren Komfort w\u00e4hrend Ihres Aufenthalts in der <a href=\"https:\/\/www.legrandlarge.com\/camping-normandie.html\">Normandie<\/a> steht Ihnen in der N\u00e4he Ihres <strong>Campingplatzes im Departement Manche<\/strong> eine beheizte Sanit\u00e4ranlage mit <strong>Einzelkabinen, zwei Babykabinen<\/strong> und einer <strong>Behindertenkabine<\/strong> zur Verf\u00fcgung. Nutzen Sie die Gelegenheit, um sich in unserem <a href=\"https:\/\/www.legrandlarge.com\/camping-normandie-espace-aquatique.html\">Wasserpark<\/a> mit seinen <strong>Hallen-<\/strong> und Freib\u00e4dern abzuk\u00fchlen oder besuchen Sie den <strong>Strand, der direkt<\/strong> vom Campingplatz aus <strong>zug\u00e4nglich ist<\/strong>.<\/p>\n\n\n\n<p class=\"is-style-hrz-p--base\">Der 5-Sterne-Campingplatz Le Grand Large im Departement Manche am Meer ist ein Campingplatz <strong>in der Normandie, auf dem Hunde erlaubt<\/strong> sind, aber an der Leine gehalten werden m\u00fcssen. (au\u00dfer Kategorie I und II, Impfpass). Pro Stellplatz ist nur ein Haustier erlaubt.<\/p>\n\n\n\n<p class=\"is-style-hrz-p--base\">Die Ankunft ist t\u00e4glich von 14.00 bis 19.00 Uhr und die Abreise von 8.00 bis 12.00 Uhr vorgesehen.<\/p>\n<\/div>\n<\/div>\n\n<div class=\"wp-block-group alignfull is-style-bg-texture has-global-padding is-layout-constrained wp-container-core-group-is-layout-9a670052 wp-block-group-is-layout-constrained\" style=\"padding-top:var(--wp--preset--spacing--xl);padding-right:var(--wp--preset--spacing--m);padding-bottom:var(--wp--preset--spacing--xl);padding-left:var(--wp--preset--spacing--m)\">\n<figure class=\"wp-block-table is-style-stripes\"><table class=\"has-fixed-layout\"><thead><tr><th class=\"has-text-align-left\" data-align=\"left\">Preisliste f\u00fcr Stellpl\u00e4tze 2025<\/th><th class=\"has-text-align-center\" data-align=\"center\">18\/04 &gt; 13\/05<br\/>30\/08 &gt; 20\/09<\/th><th class=\"has-text-align-center\" data-align=\"center\">14\/05 &gt; 03\/07<br\/>23\/08 &gt; 29\/08<\/th><th class=\"has-text-align-center\" data-align=\"center\">04\/07 &gt; 22\/08<\/th><\/tr><\/thead><tbody><tr><td class=\"has-text-align-left\" data-align=\"left\"><strong>Stellplatz f\u00fcr 1 oder 2 Personen + Wasser + Abwasserentsorgung<\/strong><\/td><td class=\"has-text-align-center\" data-align=\"center\"><strong>30,00 \u20ac<\/strong><\/td><td class=\"has-text-align-center\" data-align=\"center\"><strong>36,00 \u20ac<\/strong><\/td><td class=\"has-text-align-center\" data-align=\"center\"><strong>49,00 \u20ac<\/strong><\/td><\/tr><tr><td class=\"has-text-align-left\" data-align=\"left\"><strong>Zus\u00e4tzliche Person + 10 Jahre<\/strong><\/td><td class=\"has-text-align-center\" data-align=\"center\"><strong>6,50 \u20ac<\/strong><\/td><td class=\"has-text-align-center\" data-align=\"center\"><strong>10,00 \u20ac<\/strong><\/td><td class=\"has-text-align-center\" data-align=\"center\"><strong>13,00 \u20ac<\/strong><\/td><\/tr><tr><td class=\"has-text-align-left\" data-align=\"left\"><strong>Zus\u00e4tzliche Person von 3 bis 9 Jahren<\/strong><\/td><td class=\"has-text-align-center\" data-align=\"center\"><strong>5,00 \u20ac<\/strong><\/td><td class=\"has-text-align-center\" data-align=\"center\"><strong>6,00 \u20ac<\/strong><\/td><td class=\"has-text-align-center\" data-align=\"center\"><strong>8,00 \u20ac<\/strong><\/td><\/tr><tr><td class=\"has-text-align-left\" data-align=\"left\"><strong>Kind von 0 bis 3 Jahren<\/strong><\/td><td class=\"has-text-align-center\" data-align=\"center\"><strong>Kostenlos<\/strong><\/td><td class=\"has-text-align-center\" data-align=\"center\"><strong>Kostenlos<\/strong><\/td><td class=\"has-text-align-center\" data-align=\"center\"><strong>Kostenlos<\/strong><\/td><\/tr><tr><td class=\"has-text-align-left\" data-align=\"left\"><strong>Elektrizit\u00e4t 10 Ampere<\/strong><\/td><td class=\"has-text-align-center\" data-align=\"center\"><strong>7,50 \u20ac<\/strong><\/td><td class=\"has-text-align-center\" data-align=\"center\"><strong>7,50 \u20ac<\/strong><\/td><td class=\"has-text-align-center\" data-align=\"center\"><strong>7,50 \u20ac<\/strong><\/td><\/tr><tr><td class=\"has-text-align-left\" data-align=\"left\"><strong>Kurtaxe \u00fcber 18 Jahre\/Tag\/Pers.<\/strong><\/td><td class=\"has-text-align-center\" data-align=\"center\"><strong>0,66 \u20ac<\/strong><\/td><td class=\"has-text-align-center\" data-align=\"center\"><strong>0,66 \u20ac<\/strong><\/td><td class=\"has-text-align-center\" data-align=\"center\"><strong>0,66 \u20ac<\/strong><\/td><\/tr><tr><td class=\"has-text-align-left\" data-align=\"left\"><strong>Tiere<\/strong><\/td><td class=\"has-text-align-center\" data-align=\"center\"><strong>Kostenlos &#8211; einer pro Standort<\/strong><\/td><td class=\"has-text-align-center\" data-align=\"center\"><strong>Kostenlos &#8211; einer pro Standort<\/strong><\/td><td class=\"has-text-align-center\" data-align=\"center\"><strong>Kostenlos &#8211; einer pro Standort<\/strong><\/td><\/tr><\/tbody><\/table><\/figure>\n<\/div>\n\n<div class=\"wp-block-group alignfull lgl-prefooter has-vert-background-color has-background has-global-padding is-layout-constrained wp-container-core-group-is-layout-827caa84 wp-block-group-is-layout-constrained\" style=\"padding-top:5.31rem;padding-bottom:5.31rem\">\n<div class=\"wp-block-group lgl-prefooter-wrapper is-content-justification-center is-nowrap is-layout-flex wp-container-core-group-is-layout-7bd8e6d9 wp-block-group-is-layout-flex\" style=\"padding-right:2rem;padding-left:2rem\">\n<div class=\"wp-block-group item is-vertical is-content-justification-center is-layout-flex wp-container-core-group-is-layout-b6c1f246 wp-block-group-is-layout-flex\">\n<figure class=\"wp-block-image size-full is-resized wp-duotone-white\"><img alt=\"\" decoding=\"async\" src=\"https:\/\/www.legrandlarge.com\/wp-content\/uploads\/2025\/12\/docutiles.svg\" alt=\"\" class=\"wp-image-500\" style=\"width:auto;height:90px\"\/><\/figure>\n\n\n\n<p class=\"has-text-align-center is-style-default has-blanc-color has-text-color has-link-color has-secondary-font-family has-m-font-size wp-elements-d36ffa4777824e05dace2f4bf07bf738\">Alles im Griff<br\/> den<em>Geist frei.<\/em><\/p>\n\n\n\n<p class=\"has-text-align-center has-vert-f-color has-text-color has-link-color wp-elements-a73e82722264b197413cd4856e909a07\" style=\"text-transform:uppercase\"><strong>Alle Dokumente<\/strong><\/p>\n\n\n\n<div style=\"height:0px\" aria-hidden=\"true\" class=\"wp-block-spacer is-spacer wp-container-content-6b166158\"><\/div>\n\n\n\n<div class=\"wp-block-buttons is-layout-flex wp-block-buttons-is-layout-flex\">\n<div class=\"wp-block-button is-style-hrz-btn--primary is-darker\"><a class=\"wp-block-button__link has-vert-f-color has-text-color has-link-color has-text-align-center wp-element-button\" href=\"https:\/\/www.legrandlarge.com\/de\/vacances-camping-normandie\/\" style=\"text-transform:uppercase\">N\u00fctzliche Dokumente<\/a><\/div>\n<\/div>\n<\/div>\n\n\n\n<div class=\"wp-block-group item is-vertical is-content-justification-center is-layout-flex wp-container-core-group-is-layout-b6c1f246 wp-block-group-is-layout-flex\">\n<figure class=\"wp-block-image size-full is-resized wp-duotone-white\"><img alt=\"\" decoding=\"async\" src=\"https:\/\/www.legrandlarge.com\/wp-content\/uploads\/2025\/12\/avis.svg\" alt=\"\" class=\"wp-image-496\" style=\"width:auto;height:90px\"\/><\/figure>\n\n\n\n<p class=\"has-text-align-center is-style-default has-blanc-color has-text-color has-link-color has-secondary-font-family has-m-font-size wp-elements-ac8a02e8c65498a2de6c1a715c7ee23e\">Ihre Worte,<br\/>unsere <em>Gischt<\/em><\/p>\n\n\n\n<p class=\"has-text-align-center has-vert-f-color has-text-color has-link-color wp-elements-80b95af925dbf83ec8829339142e73a7\" style=\"text-transform:uppercase\"><strong>Ihre Meinung<\/strong><\/p>\n\n\n\n<div style=\"height:0px\" aria-hidden=\"true\" class=\"wp-block-spacer is-spacer wp-container-content-6b166158\"><\/div>\n\n\n\n<div class=\"wp-block-buttons is-layout-flex wp-block-buttons-is-layout-flex\">\n<div class=\"wp-block-button is-style-hrz-btn--primary is-darker\"><a class=\"wp-block-button__link has-vert-f-color has-text-color has-link-color has-text-align-center wp-element-button\" href=\"https:\/\/www.legrandlarge.com\/de\/avis-camping-normandie\/\" style=\"text-transform:uppercase\">Kundenmeinungen<\/a><\/div>\n<\/div>\n<\/div>\n\n\n\n<div class=\"wp-block-group item is-vertical is-content-justification-center is-layout-flex wp-container-core-group-is-layout-b6c1f246 wp-block-group-is-layout-flex\">\n<figure class=\"wp-block-image size-full is-resized wp-duotone-white\"><img alt=\"\" decoding=\"async\" src=\"https:\/\/www.legrandlarge.com\/wp-content\/uploads\/2025\/12\/blog.svg\" alt=\"\" class=\"wp-image-498\" style=\"width:auto;height:90px\"\/><\/figure>\n\n\n\n<p class=\"has-text-align-center is-style-default has-blanc-color has-text-color has-link-color has-secondary-font-family has-m-font-size wp-elements-99101c98593388b5a37c0e7acdd83959\">Alle <em>unsere<\/em><br\/><em>Chroniken<\/em><\/p>\n\n\n\n<p class=\"has-text-align-center has-vert-f-color has-text-color has-link-color wp-elements-c8dd6b35df7d681ce884904024c40f7a\" style=\"text-transform:uppercase\"><strong>Unser Blog<\/strong><\/p>\n\n\n\n<div style=\"height:0px\" aria-hidden=\"true\" class=\"wp-block-spacer is-spacer wp-container-content-6b166158\"><\/div>\n\n\n\n<div class=\"wp-block-buttons is-layout-flex wp-block-buttons-is-layout-flex\">\n<div class=\"wp-block-button is-style-hrz-btn--primary is-darker\"><a class=\"wp-block-button__link has-vert-f-color has-text-color has-link-color has-text-align-center wp-element-button\" href=\"https:\/\/www.legrandlarge.com\/de\/blog-camping-normandie\/\" style=\"text-transform:uppercase\">Blog<\/a><\/div>\n<\/div>\n<\/div>\n\n\n\n<div class=\"wp-block-group item is-vertical is-content-justification-center is-layout-flex wp-container-core-group-is-layout-b6c1f246 wp-block-group-is-layout-flex\">\n<figure class=\"wp-block-image size-full is-resized wp-duotone-white\"><img alt=\"\" decoding=\"async\" src=\"https:\/\/www.legrandlarge.com\/wp-content\/uploads\/2025\/12\/phare.svg\" alt=\"\" class=\"wp-image-504\" style=\"width:auto;height:90px\"\/><\/figure>\n\n\n\n<p class=\"has-text-align-center is-style-default has-blanc-color has-text-color has-link-color has-secondary-font-family has-m-font-size wp-elements-93ec389beb72a80521bbbefefb797c31\">Jodhaltige Rhythmen<br\/><em>garantiert<\/em><\/p>\n\n\n\n<p class=\"has-text-align-center has-vert-f-color has-text-color has-link-color wp-elements-4983a7ccfc9ce3301b634668b4b9cdeb\" style=\"text-transform:uppercase\"><strong>Rhythmus des Ozeans<\/strong><\/p>\n\n\n\n<div style=\"height:0px\" aria-hidden=\"true\" class=\"wp-block-spacer is-spacer wp-container-content-6b166158\"><\/div>\n\n\n\n<div class=\"wp-block-buttons is-layout-flex wp-block-buttons-is-layout-flex\">\n<div class=\"wp-block-button is-style-hrz-btn--primary is-darker\"><a class=\"wp-block-button__link has-vert-f-color has-text-color has-link-color has-text-align-center wp-element-button\" style=\"text-transform:uppercase\">Gezeitenzeiten<\/a><\/div>\n<\/div>\n<\/div>\n\n\n\n<div class=\"wp-block-group item is-vertical is-content-justification-center is-layout-flex wp-container-core-group-is-layout-b6c1f246 wp-block-group-is-layout-flex\">\n<figure class=\"wp-block-image size-full is-resized wp-duotone-white\"><img alt=\"\" decoding=\"async\" src=\"https:\/\/www.legrandlarge.com\/wp-content\/uploads\/2025\/12\/acces.svg\" alt=\"\" class=\"wp-image-495\" style=\"width:auto;height:90px\"\/><\/figure>\n\n\n\n<p class=\"has-text-align-center is-style-default has-blanc-color has-text-color has-link-color has-secondary-font-family has-m-font-size wp-elements-a481d5f130264126c35f29ae4a68d9e4\">Kurs auf<br\/><em>Le Grand Large<\/em><\/p>\n\n\n\n<p class=\"has-text-align-center has-vert-f-color has-text-color has-link-color wp-elements-8a04277bde165aae9e61710597302b82\" style=\"text-transform:uppercase\"><strong>Kontaktieren Sie uns<\/strong><\/p>\n\n\n\n<div style=\"height:0px\" aria-hidden=\"true\" class=\"wp-block-spacer is-spacer wp-container-content-6b166158\"><\/div>\n\n\n\n<div class=\"wp-block-buttons is-layout-flex wp-block-buttons-is-layout-flex\">\n<div class=\"wp-block-button is-style-hrz-btn--primary is-darker\"><a class=\"wp-block-button__link has-vert-f-color has-text-color has-link-color has-text-align-center wp-element-button\" href=\"https:\/\/www.legrandlarge.com\/de\/contact-camping-manche\/\" style=\"text-transform:uppercase\">Kontakt &amp; Anfahrt<\/a><\/div>\n<\/div>\n<\/div>\n<\/div>\n<\/div>\n","protected":false},"excerpt":{"rendered":"<p>Direkter Zugang zu Strand Nat\u00fcrlicher Rahmen Leistungen 5 Sterne Unterk\u00fcnfte ger\u00e4umig Vielf\u00e4ltige Aktivit\u00e4ten Ideal, um unsere sch\u00f6ne Region zu entdecken Camping-Stellplatz f\u00fcr Zelt, Wohnwagen, Wohnmobil in der Normandie Kommen Sie zu uns auf den 5-Sterne-Campingplatz Le Grand Large in der Normandie am Meer und verbringen Sie einen idyllischen Urlaub inmitten der Natur und genie\u00dfen Sie [&hellip;]<\/p>\n","protected":false},"author":1,"featured_media":0,"parent":0,"menu_order":0,"comment_status":"closed","ping_status":"closed","template":"page-no-title","meta":{"_acf_changed":false,"_seopress_robots_primary_cat":"","_seopress_titles_title":"Stellplatz Camping Manche | Stellpl\u00e4tze f\u00fcr Zelte, Wohnwagen und Wohnmobile in der Normandie","_seopress_titles_desc":"Buchen Sie Ihren Stellplatz f\u00fcr Zelt, Wohnwagen oder Wohnmobil in der Normandie f\u00fcr Ihren Urlaub im Departement Manche. Erleben Sie das Abenteuer!","_seopress_robots_index":"","footnotes":""},"class_list":["post-17890","page","type-page","status-publish","hentry"],"acf":[],"_links":{"self":[{"href":"https:\/\/www.legrandlarge.com\/de\/wp-json\/wp\/v2\/pages\/17890","targetHints":{"allow":["GET"]}}],"collection":[{"href":"https:\/\/www.legrandlarge.com\/de\/wp-json\/wp\/v2\/pages"}],"about":[{"href":"https:\/\/www.legrandlarge.com\/de\/wp-json\/wp\/v2\/types\/page"}],"author":[{"embeddable":true,"href":"https:\/\/www.legrandlarge.com\/de\/wp-json\/wp\/v2\/users\/1"}],"replies":[{"embeddable":true,"href":"https:\/\/www.legrandlarge.com\/de\/wp-json\/wp\/v2\/comments?post=17890"}],"version-history":[{"count":2,"href":"https:\/\/www.legrandlarge.com\/de\/wp-json\/wp\/v2\/pages\/17890\/revisions"}],"predecessor-version":[{"id":18526,"href":"https:\/\/www.legrandlarge.com\/de\/wp-json\/wp\/v2\/pages\/17890\/revisions\/18526"}],"wp:attachment":[{"href":"https:\/\/www.legrandlarge.com\/de\/wp-json\/wp\/v2\/media?parent=17890"}],"curies":[{"name":"wp","href":"https:\/\/api.w.org\/{rel}","templated":true}]}}