{"id":17709,"date":"2025-12-01T14:29:25","date_gmt":"2025-12-01T14:29:25","guid":{"rendered":"https:\/\/www.legrandlarge.com\/camping-prestations-manche\/"},"modified":"2026-01-13T08:06:06","modified_gmt":"2026-01-13T08:06:06","slug":"camping-prestations-manche","status":"publish","type":"page","link":"https:\/\/www.legrandlarge.com\/de\/camping-prestations-manche\/","title":{"rendered":"Alle unsere Leistungen f\u00fcr einen erfolgreichen Aufenthalt"},"content":{"rendered":"\n<div class=\"wp-block-cover alignfull hero-content\" style=\"min-height:90vh;aspect-ratio:unset;\"><img alt=\"\" decoding=\"async\" width=\"1024\" height=\"683\" class=\"wp-block-cover__image-background wp-image-474 size-large\" alt=\"\" src=\"https:\/\/www.legrandlarge.com\/wp-content\/uploads\/2025\/12\/AP4_2328-Anibas-Photography-Camping-Le-Grand-Large-1024x683.webp\" data-object-fit=\"cover\" srcset=\"https:\/\/www.legrandlarge.com\/wp-content\/uploads\/2025\/12\/AP4_2328-Anibas-Photography-Camping-Le-Grand-Large-1024x683.webp 1024w, https:\/\/www.legrandlarge.com\/wp-content\/uploads\/2025\/12\/AP4_2328-Anibas-Photography-Camping-Le-Grand-Large-300x200.webp 300w, https:\/\/www.legrandlarge.com\/wp-content\/uploads\/2025\/12\/AP4_2328-Anibas-Photography-Camping-Le-Grand-Large-768x512.webp 768w, https:\/\/www.legrandlarge.com\/wp-content\/uploads\/2025\/12\/AP4_2328-Anibas-Photography-Camping-Le-Grand-Large-1440x960.webp 1440w, https:\/\/www.legrandlarge.com\/wp-content\/uploads\/2025\/12\/AP4_2328-Anibas-Photography-Camping-Le-Grand-Large-1080x720.webp 1080w, https:\/\/www.legrandlarge.com\/wp-content\/uploads\/2025\/12\/AP4_2328-Anibas-Photography-Camping-Le-Grand-Large-720x480.webp 720w, https:\/\/www.legrandlarge.com\/wp-content\/uploads\/2025\/12\/AP4_2328-Anibas-Photography-Camping-Le-Grand-Large-480x320.webp 480w, https:\/\/www.legrandlarge.com\/wp-content\/uploads\/2025\/12\/AP4_2328-Anibas-Photography-Camping-Le-Grand-Large-240x160.webp 240w, https:\/\/www.legrandlarge.com\/wp-content\/uploads\/2025\/12\/AP4_2328-Anibas-Photography-Camping-Le-Grand-Large-120x80.webp 120w, https:\/\/www.legrandlarge.com\/wp-content\/uploads\/2025\/12\/AP4_2328-Anibas-Photography-Camping-Le-Grand-Large.webp 1920w\" sizes=\"(max-width: 1024px) 100vw, 1024px\" \/><span aria-hidden=\"true\" class=\"wp-block-cover__background has-background-dim wp-block-cover__gradient-background has-background-gradient\" style=\"background:linear-gradient(135deg,rgba(0,0,0,0) 0%,rgb(0,0,0) 100%)\"><\/span><div class=\"wp-block-cover__inner-container has-global-padding is-layout-constrained wp-container-core-cover-is-layout-071fe3a8 wp-block-cover-is-layout-constrained\">\n<div class=\"wp-block-group is-z1 is-vertical is-content-justification-center is-layout-flex wp-container-core-group-is-layout-7b32d8e7 wp-block-group-is-layout-flex\"><h1 class=\"has-text-align-center wp-block-post-title has-xl-font-size has-secondary-font-family\">Alle unsere Leistungen f\u00fcr einen erfolgreichen Aufenthalt<\/h1><\/div>\n<\/div><\/div>\n\n<div class=\"wp-block-group alignfull lgl-icon-slider has-vert-background-color has-background has-global-padding is-layout-constrained wp-container-core-group-is-layout-4d5d9ca1 wp-block-group-is-layout-constrained\" style=\"padding-top:var(--wp--preset--spacing--s);padding-bottom:var(--wp--preset--spacing--s)\">\n<div class=\"wp-block-group lgl-icon-slider-wrapper is-content-justification-center is-nowrap is-layout-flex wp-container-core-group-is-layout-d900bf9d wp-block-group-is-layout-flex\">\n<div class=\"wp-block-group item is-vertical is-content-justification-center is-layout-flex wp-container-core-group-is-layout-70980796 wp-block-group-is-layout-flex\">\n<figure class=\"wp-block-image size-full is-resized wp-duotone-bg-vert\"><img alt=\"\" decoding=\"async\" src=\"https:\/\/www.legrandlarge.com\/wp-content\/themes\/horizon-marketing-child\/src\/img\/pictos\/plage.svg\" alt=\"\" class=\"wp-image-53\" style=\"object-fit:contain;width:40px;height:40px\"\/><\/figure>\n\n\n\n<p class=\"has-text-align-center has-vert-f-color has-text-color has-link-color has-xs-font-size wp-elements-7f91c6e37c80e46ac48ff2d442624861\" style=\"font-style:normal;font-weight:500;text-transform:uppercase\"><strong>Direkter Zugang zu\n Strand<\/strong><\/p>\n<\/div>\n\n\n\n<div class=\"wp-block-group item is-vertical is-content-justification-center is-layout-flex wp-container-core-group-is-layout-70980796 wp-block-group-is-layout-flex\">\n<figure class=\"wp-block-image size-full is-resized wp-duotone-bg-vert\"><img alt=\"\" decoding=\"async\" src=\"https:\/\/www.legrandlarge.com\/wp-content\/themes\/horizon-marketing-child\/src\/img\/pictos\/localisation.svg\" alt=\"\" class=\"wp-image-58\" style=\"object-fit:contain;width:40px;height:40px\"\/><\/figure>\n\n\n\n<p class=\"has-text-align-center has-vert-f-color has-text-color has-link-color has-xs-font-size wp-elements-d8c335210ba2e8af942f44c16f3e15f7\" style=\"font-style:normal;font-weight:500;text-transform:uppercase\"><strong>Nat\u00fcrlicher Rahmen<\/strong><\/p>\n<\/div>\n\n\n\n<div class=\"wp-block-group item is-vertical is-content-justification-center is-layout-flex wp-container-core-group-is-layout-70980796 wp-block-group-is-layout-flex\">\n<figure class=\"wp-block-image size-full is-resized wp-duotone-bg-vert\"><img alt=\"\" decoding=\"async\" src=\"https:\/\/www.legrandlarge.com\/wp-content\/themes\/horizon-marketing-child\/src\/img\/pictos\/presta.svg\" alt=\"\" class=\"wp-image-59\" style=\"object-fit:contain;width:40px;height:40px\"\/><\/figure>\n\n\n\n<p class=\"has-text-align-center has-vert-f-color has-text-color has-link-color has-xs-font-size wp-elements-2746197543bb0b206e9d94b3e797cf41\" style=\"font-style:normal;font-weight:500;text-transform:uppercase\"><strong>Leistungen 5\n Sterne<\/strong><\/p>\n<\/div>\n\n\n\n<div class=\"wp-block-group item is-vertical is-content-justification-center is-layout-flex wp-container-core-group-is-layout-70980796 wp-block-group-is-layout-flex\">\n<figure class=\"wp-block-image size-full is-resized wp-duotone-bg-vert\"><img alt=\"\" decoding=\"async\" src=\"https:\/\/www.legrandlarge.com\/wp-content\/themes\/horizon-marketing-child\/src\/img\/pictos\/superficie.svg\" alt=\"\" class=\"wp-image-60\" style=\"object-fit:contain;width:40px;height:40px\"\/><\/figure>\n\n\n\n<p class=\"has-text-align-center has-vert-f-color has-text-color has-link-color has-xs-font-size wp-elements-9f3e36c7929f86aeb7ac5ae379dde0cf\" style=\"font-style:normal;font-weight:500;text-transform:uppercase\"><strong>Unterk\u00fcnfte\n ger\u00e4umig<\/strong><\/p>\n<\/div>\n\n\n\n<div class=\"wp-block-group item is-vertical is-content-justification-center is-layout-flex wp-container-core-group-is-layout-70980796 wp-block-group-is-layout-flex\">\n<figure class=\"wp-block-image size-full is-resized wp-duotone-bg-vert\"><img alt=\"\" decoding=\"async\" src=\"https:\/\/www.legrandlarge.com\/wp-content\/themes\/horizon-marketing-child\/src\/img\/pictos\/divertissement.svg\" alt=\"\" class=\"wp-image-61\" style=\"object-fit:contain;width:40px;height:40px\"\/><\/figure>\n\n\n\n<p class=\"has-text-align-center has-vert-f-color has-text-color has-link-color has-xs-font-size wp-elements-86c985c4ffa235c4a5663be46ec10a5c\" style=\"font-style:normal;font-weight:500;text-transform:uppercase\"><strong>Vielf\u00e4ltige Aktivit\u00e4ten<\/strong>\n            <\/p>\n<\/div>\n<\/div>\n<\/div>\n\n<div class=\"wp-block-group alignfull is-style-bg-texture has-global-padding is-content-justification-left is-layout-constrained wp-container-core-group-is-layout-308bc1d0 wp-block-group-is-layout-constrained\" style=\"padding-right:var(--wp--preset--spacing--s);padding-left:var(--wp--preset--spacing--s)\"><div style=\"padding-top:var(--wp--preset--spacing--xxs);padding-bottom:var(--wp--preset--spacing--xxs);\" class=\"wp-elements-b53f42f057c06f74b28afc57fcce3d1c wp-block-wpseopress-breadcrumbs has-xxs-font-size has-primary-font-family\"><nav  aria-label=\"breadcrumb\"><ol class=\"breadcrumb\" itemscope itemtype=\"https:\/\/schema.org\/BreadcrumbList\"><li class=\"breadcrumb-item active\" aria-current=\"page\" itemprop=\"itemListElement\" itemscope itemtype=\"https:\/\/schema.org\/ListItem\"><span itemprop=\"name\">Home<\/span><meta itemprop=\"position\" content=\"1\"><\/li><\/ol><\/nav><\/div><\/div>\n\n<div class=\"wp-block-group alignfull is-style-bg-w-two-elem is-layout-flow wp-container-core-group-is-layout-b0f85ce3 wp-block-group-is-layout-flow\" style=\"padding-top:var(--wp--preset--spacing--c-huge);padding-bottom:var(--wp--preset--spacing--c-huge)\">\n<div class=\"wp-block-columns alignfull is-slider-content is-layout-flex wp-container-core-columns-is-layout-595a5fd5 wp-block-columns-is-layout-flex\">\n<div class=\"wp-block-column slider-side is-layout-flow wp-block-column-is-layout-flow\" style=\"flex-basis:50%\">\n<div class=\"wp-block-group swiper lgl-slider is-vertical is-content-justification-right is-layout-flex wp-container-core-group-is-layout-c0d519fa wp-block-group-is-layout-flex\">\n<div class=\"wp-block-group swiper-navigation is-content-justification-left is-nowrap is-layout-flex wp-container-core-group-is-layout-fc9f69e7 wp-block-group-is-layout-flex\">\n<div class=\"wp-block-group swiper-slider-button-prev hrz-btn--rounded has-secondary-background-color has-background has-global-padding is-layout-constrained wp-block-group-is-layout-constrained\">\n<figure class=\"wp-block-image size-full\"><img alt=\"\" decoding=\"async\" src=\"https:\/\/www.legrandlarge.com\/wp-content\/uploads\/2025\/11\/fleche_btn.svg\" alt=\"\" class=\"wp-image-200\"\/><\/figure>\n<\/div>\n\n\n\n<div class=\"wp-block-group swiper-slider-button-next hrz-btn--rounded has-secondary-background-color has-background has-global-padding is-layout-constrained wp-block-group-is-layout-constrained\">\n<figure class=\"wp-block-image size-full\"><img alt=\"\" decoding=\"async\" src=\"https:\/\/www.legrandlarge.com\/wp-content\/uploads\/2025\/11\/fleche_btn.svg\" alt=\"\" class=\"wp-image-200\"\/><\/figure>\n<\/div>\n<\/div>\n\n\n\n<div class=\"wp-block-group swiper-wrapper is-layout-flow wp-block-group-is-layout-flow\">\n<div class=\"wp-block-group swiper-slide is-vertical is-content-justification-left is-layout-flex wp-container-core-group-is-layout-5792d01c wp-block-group-is-layout-flex has-background\" style=\"margin-top:0;margin-bottom:0;padding-top:180px;padding-right:55px;padding-bottom:45px;padding-left:20px;background-image:url(&apos;https:\/\/www.legrandlarge.com\/wp-content\/uploads\/2025\/12\/AP4_1801-Anibas-Photography-Camping-Le-Grand-Large.webp&apos;);background-size:cover;\">\n<figure class=\"wp-block-image size-full is-resized is-z1 wp-duotone-white\"><img alt=\"\" decoding=\"async\" src=\"https:\/\/www.legrandlarge.com\/wp-content\/uploads\/2025\/12\/bar.svg\" alt=\"\" class=\"wp-image-497\" style=\"object-fit:contain;width:50px;height:50px\"\/><\/figure>\n\n\n\n<p class=\"is-z1 has-blanc-color has-text-color has-link-color has-secondary-font-family has-m-font-size wp-elements-d9f474300034fbc01c647e456426da6e\" style=\"line-height:1\">Wir sehen die Dinge,<br\/><em>Im Gro\u00dfen<\/em> und Ganzen<\/p>\n\n\n\n<p class=\"hrz-btn--sliders has-blanc-color has-text-color has-link-color wp-elements-56268f0af92742e8f691c3f243155e45\"><a href=\"https:\/\/www.legrandlarge.com\/camping-5-etoiles-manche\/\" data-type=\"link\" data-id=\"https:\/\/www.legrandlarge.com\/camping-5-etoiles-manche\/\">Unsere Dienstleistungen<\/a><\/p>\n<\/div>\n\n\n\n<div class=\"wp-block-group swiper-slide is-vertical is-layout-flex wp-container-core-group-is-layout-9797b0e9 wp-block-group-is-layout-flex has-background\" style=\"margin-top:0;margin-bottom:0;padding-top:180px;padding-right:55px;padding-bottom:45px;padding-left:20px;background-image:url(&apos;https:\/\/www.legrandlarge.com\/wp-content\/uploads\/2025\/12\/AdobeStock_1708063391.webp&apos;);background-size:cover;\">\n<figure class=\"wp-block-image size-full is-resized is-z1 wp-duotone-white\"><img alt=\"\" decoding=\"async\" src=\"https:\/\/www.legrandlarge.com\/wp-content\/uploads\/2025\/12\/phare.svg\" alt=\"\" class=\"wp-image-504\" style=\"object-fit:contain;width:50px;height:50px\"\/><\/figure>\n\n\n\n<p class=\"is-z1 has-blanc-color has-text-color has-link-color has-secondary-font-family has-m-font-size wp-elements-31e5e4d315bc74e2fb6f65f14065e376\" style=\"line-height:1\">Eine <em>Region<\/em><br\/>in Ihrer Reichweite<\/p>\n\n\n\n<p class=\"hrz-btn--sliders has-blanc-color has-text-color has-link-color wp-elements-91ef9802a548522735dedcec5eece778\"><a href=\"https:\/\/www.legrandlarge.com\/de\/camping-activites-manche\/\" data-type=\"link\" data-id=\"https:\/\/www.legrandlarge.com\/camping-activites-manche\/\">Unsere Aktivit\u00e4ten<\/a><\/p>\n<\/div>\n\n\n\n<div class=\"wp-block-group swiper-slide is-vertical is-layout-flex wp-container-core-group-is-layout-9797b0e9 wp-block-group-is-layout-flex has-background\" style=\"margin-top:0;margin-bottom:0;padding-top:180px;padding-right:55px;padding-bottom:45px;padding-left:20px;background-image:url(&apos;https:\/\/www.legrandlarge.com\/wp-content\/uploads\/2025\/12\/AP4_1264-Anibas-Photography-Camping-Le-Grand-Large.webp&apos;);background-size:cover;\">\n<figure class=\"wp-block-image size-full is-resized is-z1 wp-duotone-white\"><img alt=\"\" decoding=\"async\" src=\"https:\/\/www.legrandlarge.com\/wp-content\/uploads\/2025\/12\/personnes.svg\" alt=\"\" class=\"wp-image-503\" style=\"object-fit:contain;width:50px;height:50px\"\/><\/figure>\n\n\n\n<p class=\"is-z1 has-blanc-color has-text-color has-link-color has-secondary-font-family has-m-font-size wp-elements-e7f5fadecba84b8b0a5cd1cd40dc7b2b\" style=\"line-height:1\">F\u00fcr kleine<br\/>und <em>gro\u00dfe<\/em><\/p>\n\n\n\n<p class=\"hrz-btn--sliders has-blanc-color has-text-color has-link-color wp-elements-af6397f08b60f356cbf0a4b3176226f6\"><a href=\"https:\/\/www.legrandlarge.com\/de\/camping-familial-manche\/\" data-type=\"link\" data-id=\"https:\/\/www.legrandlarge.com\/camping-familial-manche\/\">Unsere Animationen<\/a><\/p>\n<\/div>\n<\/div>\n<\/div>\n<\/div>\n\n\n\n<div class=\"wp-block-column content-side is-layout-flow wp-block-column-is-layout-flow\" style=\"flex-basis:30%\">\n<div class=\"wp-block-group is-vertical is-layout-flex wp-container-core-group-is-layout-602ba0fb wp-block-group-is-layout-flex\">\n<h2 class=\"wp-block-heading is-style-hrz-title--sub\">Die Dienstleistungen und Aktivit\u00e4ten unseres Campingplatzes in der Normandie<\/h2>\n\n\n\n<p class=\"is-style-hrz-p--base\">Willkommen auf der Seite mit den Leistungen des Campingplatzes Le Grand Large. Hier finden Sie auf einen Blick alles, was Ihren Aufenthalt noch angenehmer macht: praktische Dienstleistungen, Restaurants, Aktivit\u00e4ten f\u00fcr die ganze Familie und gesellige Veranstaltungen. Unser <strong>Campingplatz in der Normandie<\/strong> liegt direkt am Meer und bietet Ihnen eine gro\u00dfe Auswahl an Einrichtungen, die Ihren Alltag erleichtern und Ihr Urlaubserlebnis bereichern.<br\/>Ob Sie nun ein Restaurant vor Ort, sportliche Aktivit\u00e4ten, Entspannungsbereiche oder Kinderanimation suchen, diese Seite f\u00fchrt Sie zu den verschiedenen Abschnitten, um Ihren Aufenthalt einfach zu organisieren. Erkunden Sie, w\u00e4hlen Sie und genie\u00dfen Sie die 5-Sterne-Leistungen von Le Grand Large &#8211; alles ist vorhanden, um einfache, gl\u00fcckliche und unvergessliche Momente zu erleben.   <\/p>\n<\/div>\n<\/div>\n<\/div>\n<\/div>\n\n<div class=\"wp-block-group alignfull lgl-prefooter has-vert-background-color has-background has-global-padding is-layout-constrained wp-container-core-group-is-layout-827caa84 wp-block-group-is-layout-constrained\" style=\"padding-top:5.31rem;padding-bottom:5.31rem\">\n<div class=\"wp-block-group lgl-prefooter-wrapper is-content-justification-center is-nowrap is-layout-flex wp-container-core-group-is-layout-7bd8e6d9 wp-block-group-is-layout-flex\" style=\"padding-right:2rem;padding-left:2rem\">\n<div class=\"wp-block-group item is-vertical is-content-justification-center is-layout-flex wp-container-core-group-is-layout-b6c1f246 wp-block-group-is-layout-flex\">\n<figure class=\"wp-block-image size-full is-resized wp-duotone-white\"><img alt=\"\" decoding=\"async\" src=\"https:\/\/www.legrandlarge.com\/wp-content\/uploads\/2025\/12\/docutiles.svg\" alt=\"\" class=\"wp-image-500\" style=\"width:auto;height:90px\"\/><\/figure>\n\n\n\n<p class=\"has-text-align-center is-style-default has-blanc-color has-text-color has-link-color has-secondary-font-family has-m-font-size wp-elements-d36ffa4777824e05dace2f4bf07bf738\">Alles im Griff<br\/> den<em>Geist frei.<\/em><\/p>\n\n\n\n<p class=\"has-text-align-center has-vert-f-color has-text-color has-link-color wp-elements-a73e82722264b197413cd4856e909a07\" style=\"text-transform:uppercase\"><strong>Alle Dokumente<\/strong><\/p>\n\n\n\n<div style=\"height:0px\" aria-hidden=\"true\" class=\"wp-block-spacer is-spacer wp-container-content-6b166158\"><\/div>\n\n\n\n<div class=\"wp-block-buttons is-layout-flex wp-block-buttons-is-layout-flex\">\n<div class=\"wp-block-button is-style-hrz-btn--primary is-darker\"><a class=\"wp-block-button__link has-vert-f-color has-text-color has-link-color has-text-align-center wp-element-button\" href=\"https:\/\/www.legrandlarge.com\/de\/vacances-camping-normandie\/\" style=\"text-transform:uppercase\">N\u00fctzliche Dokumente<\/a><\/div>\n<\/div>\n<\/div>\n\n\n\n<div class=\"wp-block-group item is-vertical is-content-justification-center is-layout-flex wp-container-core-group-is-layout-b6c1f246 wp-block-group-is-layout-flex\">\n<figure class=\"wp-block-image size-full is-resized wp-duotone-white\"><img alt=\"\" decoding=\"async\" src=\"https:\/\/www.legrandlarge.com\/wp-content\/uploads\/2025\/12\/avis.svg\" alt=\"\" class=\"wp-image-496\" style=\"width:auto;height:90px\"\/><\/figure>\n\n\n\n<p class=\"has-text-align-center is-style-default has-blanc-color has-text-color has-link-color has-secondary-font-family has-m-font-size wp-elements-ac8a02e8c65498a2de6c1a715c7ee23e\">Ihre Worte,<br\/>unsere <em>Gischt<\/em><\/p>\n\n\n\n<p class=\"has-text-align-center has-vert-f-color has-text-color has-link-color wp-elements-80b95af925dbf83ec8829339142e73a7\" style=\"text-transform:uppercase\"><strong>Ihre Meinung<\/strong><\/p>\n\n\n\n<div style=\"height:0px\" aria-hidden=\"true\" class=\"wp-block-spacer is-spacer wp-container-content-6b166158\"><\/div>\n\n\n\n<div class=\"wp-block-buttons is-layout-flex wp-block-buttons-is-layout-flex\">\n<div class=\"wp-block-button is-style-hrz-btn--primary is-darker\"><a class=\"wp-block-button__link has-vert-f-color has-text-color has-link-color has-text-align-center wp-element-button\" href=\"https:\/\/www.legrandlarge.com\/de\/avis-camping-normandie\/\" style=\"text-transform:uppercase\">Kundenmeinungen<\/a><\/div>\n<\/div>\n<\/div>\n\n\n\n<div class=\"wp-block-group item is-vertical is-content-justification-center is-layout-flex wp-container-core-group-is-layout-b6c1f246 wp-block-group-is-layout-flex\">\n<figure class=\"wp-block-image size-full is-resized wp-duotone-white\"><img alt=\"\" decoding=\"async\" src=\"https:\/\/www.legrandlarge.com\/wp-content\/uploads\/2025\/12\/blog.svg\" alt=\"\" class=\"wp-image-498\" style=\"width:auto;height:90px\"\/><\/figure>\n\n\n\n<p class=\"has-text-align-center is-style-default has-blanc-color has-text-color has-link-color has-secondary-font-family has-m-font-size wp-elements-99101c98593388b5a37c0e7acdd83959\">Alle <em>unsere<\/em><br\/><em>Chroniken<\/em><\/p>\n\n\n\n<p class=\"has-text-align-center has-vert-f-color has-text-color has-link-color wp-elements-c8dd6b35df7d681ce884904024c40f7a\" style=\"text-transform:uppercase\"><strong>Unser Blog<\/strong><\/p>\n\n\n\n<div style=\"height:0px\" aria-hidden=\"true\" class=\"wp-block-spacer is-spacer wp-container-content-6b166158\"><\/div>\n\n\n\n<div class=\"wp-block-buttons is-layout-flex wp-block-buttons-is-layout-flex\">\n<div class=\"wp-block-button is-style-hrz-btn--primary is-darker\"><a class=\"wp-block-button__link has-vert-f-color has-text-color has-link-color has-text-align-center wp-element-button\" href=\"https:\/\/www.legrandlarge.com\/de\/blog-camping-normandie\/\" style=\"text-transform:uppercase\">Blog<\/a><\/div>\n<\/div>\n<\/div>\n\n\n\n<div class=\"wp-block-group item is-vertical is-content-justification-center is-layout-flex wp-container-core-group-is-layout-b6c1f246 wp-block-group-is-layout-flex\">\n<figure class=\"wp-block-image size-full is-resized wp-duotone-white\"><img alt=\"\" decoding=\"async\" src=\"https:\/\/www.legrandlarge.com\/wp-content\/uploads\/2025\/12\/phare.svg\" alt=\"\" class=\"wp-image-504\" style=\"width:auto;height:90px\"\/><\/figure>\n\n\n\n<p class=\"has-text-align-center is-style-default has-blanc-color has-text-color has-link-color has-secondary-font-family has-m-font-size wp-elements-93ec389beb72a80521bbbefefb797c31\">Jodhaltige Rhythmen<br\/><em>garantiert<\/em><\/p>\n\n\n\n<p class=\"has-text-align-center has-vert-f-color has-text-color has-link-color wp-elements-4983a7ccfc9ce3301b634668b4b9cdeb\" style=\"text-transform:uppercase\"><strong>Rhythmus des Ozeans<\/strong><\/p>\n\n\n\n<div style=\"height:0px\" aria-hidden=\"true\" class=\"wp-block-spacer is-spacer wp-container-content-6b166158\"><\/div>\n\n\n\n<div class=\"wp-block-buttons is-layout-flex wp-block-buttons-is-layout-flex\">\n<div class=\"wp-block-button is-style-hrz-btn--primary is-darker\"><a class=\"wp-block-button__link has-vert-f-color has-text-color has-link-color has-text-align-center wp-element-button\" style=\"text-transform:uppercase\">Gezeitenzeiten<\/a><\/div>\n<\/div>\n<\/div>\n\n\n\n<div class=\"wp-block-group item is-vertical is-content-justification-center is-layout-flex wp-container-core-group-is-layout-b6c1f246 wp-block-group-is-layout-flex\">\n<figure class=\"wp-block-image size-full is-resized wp-duotone-white\"><img alt=\"\" decoding=\"async\" src=\"https:\/\/www.legrandlarge.com\/wp-content\/uploads\/2025\/12\/acces.svg\" alt=\"\" class=\"wp-image-495\" style=\"width:auto;height:90px\"\/><\/figure>\n\n\n\n<p class=\"has-text-align-center is-style-default has-blanc-color has-text-color has-link-color has-secondary-font-family has-m-font-size wp-elements-a481d5f130264126c35f29ae4a68d9e4\">Kurs auf<br\/><em>Le Grand Large<\/em><\/p>\n\n\n\n<p class=\"has-text-align-center has-vert-f-color has-text-color has-link-color wp-elements-8a04277bde165aae9e61710597302b82\" style=\"text-transform:uppercase\"><strong>Kontaktieren Sie uns<\/strong><\/p>\n\n\n\n<div style=\"height:0px\" aria-hidden=\"true\" class=\"wp-block-spacer is-spacer wp-container-content-6b166158\"><\/div>\n\n\n\n<div class=\"wp-block-buttons is-layout-flex wp-block-buttons-is-layout-flex\">\n<div class=\"wp-block-button is-style-hrz-btn--primary is-darker\"><a class=\"wp-block-button__link has-vert-f-color has-text-color has-link-color has-text-align-center wp-element-button\" href=\"https:\/\/www.legrandlarge.com\/de\/contact-camping-manche\/\" style=\"text-transform:uppercase\">Kontakt &amp; Anfahrt<\/a><\/div>\n<\/div>\n<\/div>\n<\/div>\n<\/div>\n\n<p><\/p>\n","protected":false},"excerpt":{"rendered":"<p>Direkter Zugang zu Strand Nat\u00fcrlicher Rahmen Leistungen 5 Sterne Unterk\u00fcnfte ger\u00e4umig Vielf\u00e4ltige Aktivit\u00e4ten Wir sehen die Dinge,Im Gro\u00dfen und Ganzen Unsere Dienstleistungen Eine Regionin Ihrer Reichweite Unsere Aktivit\u00e4ten F\u00fcr kleineund gro\u00dfe Unsere Animationen Die Dienstleistungen und Aktivit\u00e4ten unseres Campingplatzes in der Normandie Willkommen auf der Seite mit den Leistungen des Campingplatzes Le Grand Large. Hier [&hellip;]<\/p>\n","protected":false},"author":1,"featured_media":0,"parent":0,"menu_order":0,"comment_status":"closed","ping_status":"closed","template":"page-no-title","meta":{"_acf_changed":false,"_seopress_robots_primary_cat":"","_seopress_titles_title":"Camping Service und Aktivit\u00e4ten Normandie | Leistungen des Campingplatzes im Departement Manche","_seopress_titles_desc":"Der Campingplatz Le Grand Large verf\u00fcgt \u00fcber Dienstleistungen und Aktivit\u00e4ten, Spitzenleistungen und Familienaktivit\u00e4ten im Departement Manche in der Normandie.","_seopress_robots_index":"","footnotes":""},"class_list":["post-17709","page","type-page","status-publish","hentry"],"acf":[],"_links":{"self":[{"href":"https:\/\/www.legrandlarge.com\/de\/wp-json\/wp\/v2\/pages\/17709","targetHints":{"allow":["GET"]}}],"collection":[{"href":"https:\/\/www.legrandlarge.com\/de\/wp-json\/wp\/v2\/pages"}],"about":[{"href":"https:\/\/www.legrandlarge.com\/de\/wp-json\/wp\/v2\/types\/page"}],"author":[{"embeddable":true,"href":"https:\/\/www.legrandlarge.com\/de\/wp-json\/wp\/v2\/users\/1"}],"replies":[{"embeddable":true,"href":"https:\/\/www.legrandlarge.com\/de\/wp-json\/wp\/v2\/comments?post=17709"}],"version-history":[{"count":1,"href":"https:\/\/www.legrandlarge.com\/de\/wp-json\/wp\/v2\/pages\/17709\/revisions"}],"predecessor-version":[{"id":17717,"href":"https:\/\/www.legrandlarge.com\/de\/wp-json\/wp\/v2\/pages\/17709\/revisions\/17717"}],"wp:attachment":[{"href":"https:\/\/www.legrandlarge.com\/de\/wp-json\/wp\/v2\/media?parent=17709"}],"curies":[{"name":"wp","href":"https:\/\/api.w.org\/{rel}","templated":true}]}}